{"id":671,"date":"2023-03-31T21:22:01","date_gmt":"2023-03-31T21:22:01","guid":{"rendered":"https:\/\/cmcapistran.com\/?page_id=671"},"modified":"2024-06-01T04:12:09","modified_gmt":"2024-06-01T04:12:09","slug":"ozonoterapia","status":"publish","type":"page","link":"https:\/\/cmcapistran.com\/index.php\/ozonoterapia\/","title":{"rendered":"Ozonoterapia"},"content":{"rendered":"\t\t<div data-elementor-type=\"wp-page\" data-elementor-id=\"671\" class=\"elementor elementor-671\">\n\t\t\t\t\t\t<section class=\"elementor-section elementor-top-section elementor-element elementor-element-b08937b elementor-section-boxed elementor-section-height-default elementor-section-height-default\" data-id=\"b08937b\" data-element_type=\"section\" data-e-type=\"section\" data-settings=\"{&quot;background_background&quot;:&quot;classic&quot;}\">\n\t\t\t\t\t\t\t<div class=\"elementor-background-overlay\"><\/div>\n\t\t\t\t\t\t\t<div class=\"elementor-container elementor-column-gap-no\">\n\t\t\t\t\t<div class=\"elementor-column elementor-col-100 elementor-top-column elementor-element elementor-element-5a2ba444\" data-id=\"5a2ba444\" data-element_type=\"column\" data-e-type=\"column\">\n\t\t\t<div class=\"elementor-widget-wrap elementor-element-populated\">\n\t\t\t\t\t\t<div class=\"elementor-element elementor-element-b937fa8 elementor-widget elementor-widget-heading\" data-id=\"b937fa8\" data-element_type=\"widget\" data-e-type=\"widget\" data-widget_type=\"heading.default\">\n\t\t\t\t<div class=\"elementor-widget-container\">\n\t\t\t\t\t<h2 class=\"elementor-heading-title elementor-size-default\">Tratamientos <strong>seguros y eficaces <\/strong>para una<br>\n<strong>amplia variedad<\/strong> de afecciones y enfermedades.<\/h2>\t\t\t\t<\/div>\n\t\t\t\t<\/div>\n\t\t\t\t\t<\/div>\n\t\t<\/div>\n\t\t\t\t\t<\/div>\n\t\t<\/section>\n\t\t\t\t<section class=\"elementor-section elementor-top-section elementor-element elementor-element-7563431 elementor-section-full_width elementor-section-height-default elementor-section-height-default\" data-id=\"7563431\" data-element_type=\"section\" data-e-type=\"section\">\n\t\t\t\t\t\t<div class=\"elementor-container elementor-column-gap-default\">\n\t\t\t\t\t<div class=\"elementor-column elementor-col-33 elementor-top-column elementor-element elementor-element-e5c1ae0\" data-id=\"e5c1ae0\" data-element_type=\"column\" data-e-type=\"column\">\n\t\t\t<div class=\"elementor-widget-wrap elementor-element-populated\">\n\t\t\t\t\t\t<div class=\"elementor-element elementor-element-ae1f307 elementor-widget elementor-widget-text-editor\" data-id=\"ae1f307\" data-element_type=\"widget\" data-e-type=\"widget\" data-widget_type=\"text-editor.default\">\n\t\t\t\t<div class=\"elementor-widget-container\">\n\t\t\t\t\t\t\t\t\tCama Magn\u00e9tica\n\t\t\t\t\t\t\t\t<\/div>\n\t\t\t\t<\/div>\n\t\t\t\t\t<\/div>\n\t\t<\/div>\n\t\t\t\t<div class=\"elementor-column elementor-col-66 elementor-top-column elementor-element elementor-element-cc7e950\" data-id=\"cc7e950\" data-element_type=\"column\" data-e-type=\"column\">\n\t\t\t<div class=\"elementor-widget-wrap elementor-element-populated\">\n\t\t\t\t\t\t<div class=\"elementor-element elementor-element-ea84211 elementor-hidden-mobile elementor-widget elementor-widget-spacer\" data-id=\"ea84211\" data-element_type=\"widget\" data-e-type=\"widget\" data-widget_type=\"spacer.default\">\n\t\t\t\t<div class=\"elementor-widget-container\">\n\t\t\t\t\t\t\t<div class=\"elementor-spacer\">\n\t\t\t<div class=\"elementor-spacer-inner\"><\/div>\n\t\t<\/div>\n\t\t\t\t\t\t<\/div>\n\t\t\t\t<\/div>\n\t\t\t\t\t<\/div>\n\t\t<\/div>\n\t\t\t\t\t<\/div>\n\t\t<\/section>\n\t\t\t\t<section class=\"elementor-section elementor-top-section elementor-element elementor-element-5924d5d elementor-section-boxed elementor-section-height-default elementor-section-height-default\" data-id=\"5924d5d\" data-element_type=\"section\" data-e-type=\"section\">\n\t\t\t\t\t\t<div class=\"elementor-container elementor-column-gap-default\">\n\t\t\t\t\t<div class=\"elementor-column elementor-col-50 elementor-top-column elementor-element elementor-element-2ecfb45\" data-id=\"2ecfb45\" data-element_type=\"column\" data-e-type=\"column\">\n\t\t\t<div class=\"elementor-widget-wrap elementor-element-populated\">\n\t\t\t\t\t\t<div class=\"elementor-element elementor-element-dcc3ade elementor-hidden-mobile elementor-widget elementor-widget-spacer\" data-id=\"dcc3ade\" data-element_type=\"widget\" data-e-type=\"widget\" data-widget_type=\"spacer.default\">\n\t\t\t\t<div class=\"elementor-widget-container\">\n\t\t\t\t\t\t\t<div class=\"elementor-spacer\">\n\t\t\t<div class=\"elementor-spacer-inner\"><\/div>\n\t\t<\/div>\n\t\t\t\t\t\t<\/div>\n\t\t\t\t<\/div>\n\t\t\t\t<div class=\"elementor-element elementor-element-df4e6b4 elementor-widget elementor-widget-image\" data-id=\"df4e6b4\" data-element_type=\"widget\" data-e-type=\"widget\" data-widget_type=\"image.default\">\n\t\t\t\t<div class=\"elementor-widget-container\">\n\t\t\t\t\t\t\t\t\t\t\t\t\t\t\t<img fetchpriority=\"high\" decoding=\"async\" width=\"319\" height=\"367\" src=\"https:\/\/cmcapistran.com\/wp-content\/uploads\/2024\/02\/2-2.png\" class=\"attachment-large size-large wp-image-1239\" alt=\"\" srcset=\"https:\/\/cmcapistran.com\/wp-content\/uploads\/2024\/02\/2-2.png 319w, https:\/\/cmcapistran.com\/wp-content\/uploads\/2024\/02\/2-2-261x300.png 261w\" sizes=\"(max-width: 319px) 100vw, 319px\" \/>\t\t\t\t\t\t\t\t\t\t\t\t\t\t\t<\/div>\n\t\t\t\t<\/div>\n\t\t\t\t<div class=\"elementor-element elementor-element-798a2d9 elementor-hidden-mobile elementor-widget elementor-widget-spacer\" data-id=\"798a2d9\" data-element_type=\"widget\" data-e-type=\"widget\" data-widget_type=\"spacer.default\">\n\t\t\t\t<div class=\"elementor-widget-container\">\n\t\t\t\t\t\t\t<div class=\"elementor-spacer\">\n\t\t\t<div class=\"elementor-spacer-inner\"><\/div>\n\t\t<\/div>\n\t\t\t\t\t\t<\/div>\n\t\t\t\t<\/div>\n\t\t\t\t\t<\/div>\n\t\t<\/div>\n\t\t\t\t<div class=\"elementor-column elementor-col-50 elementor-top-column elementor-element elementor-element-1414b80\" data-id=\"1414b80\" data-element_type=\"column\" data-e-type=\"column\">\n\t\t\t<div class=\"elementor-widget-wrap elementor-element-populated\">\n\t\t\t\t\t\t<div class=\"elementor-element elementor-element-afab854 elementor-widget elementor-widget-heading\" data-id=\"afab854\" data-element_type=\"widget\" data-e-type=\"widget\" data-widget_type=\"heading.default\">\n\t\t\t\t<div class=\"elementor-widget-container\">\n\t\t\t\t\t<h4 class=\"elementor-heading-title elementor-size-default\">La terapia de cama magn\u00e9tica se basa en la<br>\naplicaci\u00f3n de campos magn\u00e9ticos para influir<br>\npositivamente en las funciones celulares y el<br>\nequilibrio del cuerpo.<\/h4>\t\t\t\t<\/div>\n\t\t\t\t<\/div>\n\t\t\t\t<div class=\"elementor-element elementor-element-6ecb30a elementor-widget elementor-widget-heading\" data-id=\"6ecb30a\" data-element_type=\"widget\" data-e-type=\"widget\" data-widget_type=\"heading.default\">\n\t\t\t\t<div class=\"elementor-widget-container\">\n\t\t\t\t\t<h4 class=\"elementor-heading-title elementor-size-default\">Muchas personas han experimentado mejoras<br>\nen su salud y calidad de vida gracias a esta<br>\nterapia alternativa.<\/h4>\t\t\t\t<\/div>\n\t\t\t\t<\/div>\n\t\t\t\t<div class=\"elementor-element elementor-element-49dbd7e elementor-widget elementor-widget-text-editor\" data-id=\"49dbd7e\" data-element_type=\"widget\" data-e-type=\"widget\" data-widget_type=\"text-editor.default\">\n\t\t\t\t<div class=\"elementor-widget-container\">\n\t\t\t\t\t\t\t\t\t<ul>\n    <li><strong>Alivio del dolor:<\/strong> Puede ayudarte a aliviar el dolor asociado <br>con condiciones como la artritis y la fibromialgia.<\/li><br>\n    <li><strong>Relajaci\u00f3n y reducci\u00f3n de estr\u00e9s:<\/strong> Libera el estr\u00e9s y brinda<br> una relajaci\u00f3n profunda, mejora la calidad del sue\u00f1o y tu <br>bienestar general.<\/li><br>\n    <li><strong>Aceleraci\u00f3n de recuperaci\u00f3n:<\/strong> Acelera la recuperaci\u00f3n de <br>lesiones deportivas y otras condiciones al mejorar la<br> circulaci\u00f3n y la funci\u00f3n celular.<\/li><br>\n<\/ul>\t\t\t\t\t\t\t\t<\/div>\n\t\t\t\t<\/div>\n\t\t\t\t\t<\/div>\n\t\t<\/div>\n\t\t\t\t\t<\/div>\n\t\t<\/section>\n\t\t\t\t<section class=\"elementor-section elementor-top-section elementor-element elementor-element-bfe7fd6 elementor-section-full_width elementor-section-height-default elementor-section-height-default\" data-id=\"bfe7fd6\" data-element_type=\"section\" data-e-type=\"section\" data-settings=\"{&quot;background_background&quot;:&quot;classic&quot;}\">\n\t\t\t\t\t\t<div class=\"elementor-container elementor-column-gap-default\">\n\t\t\t\t\t<div class=\"elementor-column elementor-col-100 elementor-top-column elementor-element elementor-element-c94c1a1\" data-id=\"c94c1a1\" data-element_type=\"column\" data-e-type=\"column\">\n\t\t\t<div class=\"elementor-widget-wrap elementor-element-populated\">\n\t\t\t\t\t\t<div class=\"elementor-element elementor-element-8fd3d78 elementor-widget elementor-widget-text-editor\" data-id=\"8fd3d78\" data-element_type=\"widget\" data-e-type=\"widget\" data-widget_type=\"text-editor.default\">\n\t\t\t\t<div class=\"elementor-widget-container\">\n\t\t\t\t\t\t\t\t\tSi est\u00e1s buscando una terapia alternativa y no invasiva<br>\npara mejorar tu bienestar, la terapia de cama magn\u00e9tica<br>\npuede ser una excelente opci\u00f3n.\t\t\t\t\t\t\t\t<\/div>\n\t\t\t\t<\/div>\n\t\t\t\t\t<\/div>\n\t\t<\/div>\n\t\t\t\t\t<\/div>\n\t\t<\/section>\n\t\t\t\t<\/div>\n\t\t","protected":false},"excerpt":{"rendered":"<p>Tratamientos seguros y eficaces para una amplia variedad de afecciones y enfermedades. Cama Magn\u00e9tica La terapia de cama magn\u00e9tica se basa en la aplicaci\u00f3n de campos magn\u00e9ticos para influir positivamente en las funciones celulares y el equilibrio del cuerpo. Muchas personas han experimentado mejoras en su salud y calidad de vida gracias a esta terapia [&hellip;]<\/p>\n","protected":false},"author":1,"featured_media":0,"parent":0,"menu_order":0,"comment_status":"closed","ping_status":"closed","template":"","meta":{"footnotes":""},"class_list":["post-671","page","type-page","status-publish","hentry"],"_links":{"self":[{"href":"https:\/\/cmcapistran.com\/index.php\/wp-json\/wp\/v2\/pages\/671","targetHints":{"allow":["GET"]}}],"collection":[{"href":"https:\/\/cmcapistran.com\/index.php\/wp-json\/wp\/v2\/pages"}],"about":[{"href":"https:\/\/cmcapistran.com\/index.php\/wp-json\/wp\/v2\/types\/page"}],"author":[{"embeddable":true,"href":"https:\/\/cmcapistran.com\/index.php\/wp-json\/wp\/v2\/users\/1"}],"replies":[{"embeddable":true,"href":"https:\/\/cmcapistran.com\/index.php\/wp-json\/wp\/v2\/comments?post=671"}],"version-history":[{"count":79,"href":"https:\/\/cmcapistran.com\/index.php\/wp-json\/wp\/v2\/pages\/671\/revisions"}],"predecessor-version":[{"id":2314,"href":"https:\/\/cmcapistran.com\/index.php\/wp-json\/wp\/v2\/pages\/671\/revisions\/2314"}],"wp:attachment":[{"href":"https:\/\/cmcapistran.com\/index.php\/wp-json\/wp\/v2\/media?parent=671"}],"curies":[{"name":"wp","href":"https:\/\/api.w.org\/{rel}","templated":true}]}}