{"id":417,"date":"2023-03-21T21:39:59","date_gmt":"2023-03-21T21:39:59","guid":{"rendered":"https:\/\/cmcapistran.com\/?page_id=417"},"modified":"2024-03-28T23:14:24","modified_gmt":"2024-03-28T23:14:24","slug":"acupuntura","status":"publish","type":"page","link":"https:\/\/cmcapistran.com\/index.php\/acupuntura\/","title":{"rendered":"Acupuntura"},"content":{"rendered":"\t\t<div data-elementor-type=\"wp-page\" data-elementor-id=\"417\" class=\"elementor elementor-417\">\n\t\t\t\t\t\t<section class=\"elementor-section elementor-top-section elementor-element elementor-element-bb5bee6 elementor-section-boxed elementor-section-height-default elementor-section-height-default\" data-id=\"bb5bee6\" data-element_type=\"section\" data-e-type=\"section\" data-settings=\"{&quot;background_background&quot;:&quot;classic&quot;}\">\n\t\t\t\t\t\t\t<div class=\"elementor-background-overlay\"><\/div>\n\t\t\t\t\t\t\t<div class=\"elementor-container elementor-column-gap-no\">\n\t\t\t\t\t<div class=\"elementor-column elementor-col-100 elementor-top-column elementor-element elementor-element-8090d09\" data-id=\"8090d09\" data-element_type=\"column\" data-e-type=\"column\">\n\t\t\t<div class=\"elementor-widget-wrap elementor-element-populated\">\n\t\t\t\t\t\t<div class=\"elementor-element elementor-element-7f6e208 elementor-widget elementor-widget-heading\" data-id=\"7f6e208\" data-element_type=\"widget\" data-e-type=\"widget\" data-widget_type=\"heading.default\">\n\t\t\t\t<div class=\"elementor-widget-container\">\n\t\t\t\t\t<h2 class=\"elementor-heading-title elementor-size-default\">Descubre la <strong>medicina china<\/strong>\n<strong>tradicional<\/strong> para <strong>aliviar el dolor<\/strong>\ny mejorar tu <strong>calidad de vida<\/strong><\/h2>\t\t\t\t<\/div>\n\t\t\t\t<\/div>\n\t\t\t\t\t<\/div>\n\t\t<\/div>\n\t\t\t\t\t<\/div>\n\t\t<\/section>\n\t\t\t\t<section class=\"elementor-section elementor-top-section elementor-element elementor-element-5e8ecb8 elementor-section-boxed elementor-section-height-default elementor-section-height-default\" data-id=\"5e8ecb8\" data-element_type=\"section\" data-e-type=\"section\" data-settings=\"{&quot;background_background&quot;:&quot;classic&quot;}\">\n\t\t\t\t\t\t<div class=\"elementor-container elementor-column-gap-default\">\n\t\t\t\t\t<div class=\"elementor-column elementor-col-100 elementor-top-column elementor-element elementor-element-13cafd0\" data-id=\"13cafd0\" data-element_type=\"column\" data-e-type=\"column\" data-settings=\"{&quot;background_background&quot;:&quot;classic&quot;}\">\n\t\t\t<div class=\"elementor-widget-wrap elementor-element-populated\">\n\t\t\t\t\t\t<div class=\"elementor-element elementor-element-8898a81 elementor-widget elementor-widget-text-editor\" data-id=\"8898a81\" data-element_type=\"widget\" data-e-type=\"widget\" data-widget_type=\"text-editor.default\">\n\t\t\t\t<div class=\"elementor-widget-container\">\n\t\t\t\t\t\t\t\t\t<strong>\u00bfTe enfrentas a dolores cr\u00f3nicos o buscas una<\/strong><br>\n<strong>forma natural de mejorar tu bienestar?<\/strong>\t\t\t\t\t\t\t\t<\/div>\n\t\t\t\t<\/div>\n\t\t\t\t\t<\/div>\n\t\t<\/div>\n\t\t\t\t\t<\/div>\n\t\t<\/section>\n\t\t\t\t<section class=\"elementor-section elementor-top-section elementor-element elementor-element-47dcd6c elementor-section-boxed elementor-section-height-default elementor-section-height-default\" data-id=\"47dcd6c\" data-element_type=\"section\" data-e-type=\"section\" data-settings=\"{&quot;background_background&quot;:&quot;classic&quot;}\">\n\t\t\t\t\t\t<div class=\"elementor-container elementor-column-gap-default\">\n\t\t\t\t\t<div class=\"elementor-column elementor-col-100 elementor-top-column elementor-element elementor-element-f5c6ea4\" data-id=\"f5c6ea4\" data-element_type=\"column\" data-e-type=\"column\">\n\t\t\t<div class=\"elementor-widget-wrap elementor-element-populated\">\n\t\t\t\t\t\t<div class=\"elementor-element elementor-element-bd277e8 elementor-widget elementor-widget-heading\" data-id=\"bd277e8\" data-element_type=\"widget\" data-e-type=\"widget\" data-widget_type=\"heading.default\">\n\t\t\t\t<div class=\"elementor-widget-container\">\n\t\t\t\t\t<h2 class=\"elementor-heading-title elementor-size-default\">\u00bfQu\u00e9 es la acupuntura<br>\ny c\u00f3mo funciona?<\/h2>\t\t\t\t<\/div>\n\t\t\t\t<\/div>\n\t\t\t\t<div class=\"elementor-element elementor-element-13df566 elementor-widget elementor-widget-text-editor\" data-id=\"13df566\" data-element_type=\"widget\" data-e-type=\"widget\" data-widget_type=\"text-editor.default\">\n\t\t\t\t<div class=\"elementor-widget-container\">\n\t\t\t\t\t\t\t\t\t<p>La acupuntura consiste en insertar agujas<br \/>muy finas en puntos estrat\u00e9gicos del cuerpo.<br \/>Esta t\u00e9cnica busca equilibrar el flujo de energ\u00eda<br \/>o \u201cchi\u201d que fluye a trav\u00e9s de los meridianos en<br \/>nuestro cuerpo, ayudando a aliviar el dolor y<br \/>mejorar el bienestar general.<\/p>\t\t\t\t\t\t\t\t<\/div>\n\t\t\t\t<\/div>\n\t\t\t\t\t<\/div>\n\t\t<\/div>\n\t\t\t\t\t<\/div>\n\t\t<\/section>\n\t\t\t\t<section class=\"elementor-section elementor-top-section elementor-element elementor-element-9281ec2 elementor-section-boxed elementor-section-height-default elementor-section-height-default\" data-id=\"9281ec2\" data-element_type=\"section\" data-e-type=\"section\">\n\t\t\t\t\t\t<div class=\"elementor-container elementor-column-gap-default\">\n\t\t\t\t\t<div class=\"elementor-column elementor-col-66 elementor-top-column elementor-element elementor-element-be34f23\" data-id=\"be34f23\" data-element_type=\"column\" data-e-type=\"column\">\n\t\t\t<div class=\"elementor-widget-wrap elementor-element-populated\">\n\t\t\t\t\t\t<div class=\"elementor-element elementor-element-c890097 elementor-widget elementor-widget-heading\" data-id=\"c890097\" data-element_type=\"widget\" data-e-type=\"widget\" data-widget_type=\"heading.default\">\n\t\t\t\t<div class=\"elementor-widget-container\">\n\t\t\t\t\t<h3 class=\"elementor-heading-title elementor-size-default\">La acupuntura es una opci\u00f3n natural<br>\ny efectiva para:<\/h3>\t\t\t\t<\/div>\n\t\t\t\t<\/div>\n\t\t\t\t<div class=\"elementor-element elementor-element-e434494 elementor-widget elementor-widget-text-editor\" data-id=\"e434494\" data-element_type=\"widget\" data-e-type=\"widget\" data-widget_type=\"text-editor.default\">\n\t\t\t\t<div class=\"elementor-widget-container\">\n\t\t\t\t\t\t\t\t\t<ul>\n \t<li>N\u00e1useas y v\u00f3mitos inducidos por <br>quimioterapia y postoperatorios<\/li>\n \t<li>Dolor dental<\/li>\n \t<li>Fibromialgia<\/li>\n \t<li>Dolores de cabeza y migra\u00f1as<\/li>\n \t<li>Dolores en el trabajo de parto<\/li>\n \t<li>Dolor en la regi\u00f3n lumbar y de cuello<\/li>\n \t<li>Artrosis<\/li>\n \t<li>Dolores menstruales<\/li>\n \t<li>Trastornos respiratorios, como rinitis al\u00e9rgica<\/li>\n \t<li>Codo de tenista<\/li>\n<\/ul>\t\t\t\t\t\t\t\t<\/div>\n\t\t\t\t<\/div>\n\t\t\t\t\t<\/div>\n\t\t<\/div>\n\t\t\t\t<div class=\"elementor-column elementor-col-33 elementor-top-column elementor-element elementor-element-44da625 elementor-hidden-mobile\" data-id=\"44da625\" data-element_type=\"column\" data-e-type=\"column\">\n\t\t\t<div class=\"elementor-widget-wrap elementor-element-populated\">\n\t\t\t\t\t\t<div class=\"elementor-element elementor-element-ad15c81 elementor-widget elementor-widget-image\" data-id=\"ad15c81\" data-element_type=\"widget\" data-e-type=\"widget\" data-widget_type=\"image.default\">\n\t\t\t\t<div class=\"elementor-widget-container\">\n\t\t\t\t\t\t\t\t\t\t\t\t\t\t\t<img fetchpriority=\"high\" decoding=\"async\" width=\"306\" height=\"269\" src=\"https:\/\/cmcapistran.com\/wp-content\/uploads\/2024\/02\/2-1.png\" class=\"attachment-large size-large wp-image-1184\" alt=\"\" srcset=\"https:\/\/cmcapistran.com\/wp-content\/uploads\/2024\/02\/2-1.png 306w, https:\/\/cmcapistran.com\/wp-content\/uploads\/2024\/02\/2-1-300x264.png 300w\" sizes=\"(max-width: 306px) 100vw, 306px\" \/>\t\t\t\t\t\t\t\t\t\t\t\t\t\t\t<\/div>\n\t\t\t\t<\/div>\n\t\t\t\t\t<\/div>\n\t\t<\/div>\n\t\t\t\t\t<\/div>\n\t\t<\/section>\n\t\t\t\t<section class=\"elementor-section elementor-top-section elementor-element elementor-element-fd503ad elementor-section-full_width elementor-section-height-default elementor-section-height-default\" data-id=\"fd503ad\" data-element_type=\"section\" data-e-type=\"section\">\n\t\t\t\t\t\t<div class=\"elementor-container elementor-column-gap-default\">\n\t\t\t\t\t<div class=\"elementor-column elementor-col-33 elementor-top-column elementor-element elementor-element-13db481\" data-id=\"13db481\" data-element_type=\"column\" data-e-type=\"column\">\n\t\t\t<div class=\"elementor-widget-wrap elementor-element-populated\">\n\t\t\t\t\t\t<div class=\"elementor-element elementor-element-00c92d6 elementor-hidden-mobile elementor-widget elementor-widget-spacer\" data-id=\"00c92d6\" data-element_type=\"widget\" data-e-type=\"widget\" data-widget_type=\"spacer.default\">\n\t\t\t\t<div class=\"elementor-widget-container\">\n\t\t\t\t\t\t\t<div class=\"elementor-spacer\">\n\t\t\t<div class=\"elementor-spacer-inner\"><\/div>\n\t\t<\/div>\n\t\t\t\t\t\t<\/div>\n\t\t\t\t<\/div>\n\t\t\t\t\t<\/div>\n\t\t<\/div>\n\t\t\t\t<div class=\"elementor-column elementor-col-33 elementor-top-column elementor-element elementor-element-f6f8040\" data-id=\"f6f8040\" data-element_type=\"column\" data-e-type=\"column\">\n\t\t\t<div class=\"elementor-widget-wrap elementor-element-populated\">\n\t\t\t\t\t\t<div class=\"elementor-element elementor-element-d655b45 elementor-widget elementor-widget-image\" data-id=\"d655b45\" data-element_type=\"widget\" data-e-type=\"widget\" data-widget_type=\"image.default\">\n\t\t\t\t<div class=\"elementor-widget-container\">\n\t\t\t\t\t\t\t\t\t\t\t\t\t\t\t<img decoding=\"async\" width=\"300\" height=\"300\" src=\"https:\/\/cmcapistran.com\/wp-content\/uploads\/2024\/03\/IMG_2259-1-300x300.jpg\" class=\"attachment-medium size-medium wp-image-2178\" alt=\"\" srcset=\"https:\/\/cmcapistran.com\/wp-content\/uploads\/2024\/03\/IMG_2259-1-300x300.jpg 300w, https:\/\/cmcapistran.com\/wp-content\/uploads\/2024\/03\/IMG_2259-1-1024x1024.jpg 1024w, https:\/\/cmcapistran.com\/wp-content\/uploads\/2024\/03\/IMG_2259-1-150x150.jpg 150w, https:\/\/cmcapistran.com\/wp-content\/uploads\/2024\/03\/IMG_2259-1-768x768.jpg 768w, https:\/\/cmcapistran.com\/wp-content\/uploads\/2024\/03\/IMG_2259-1.jpg 1280w\" sizes=\"(max-width: 300px) 100vw, 300px\" \/>\t\t\t\t\t\t\t\t\t\t\t\t\t\t\t<\/div>\n\t\t\t\t<\/div>\n\t\t\t\t\t<\/div>\n\t\t<\/div>\n\t\t\t\t<div class=\"elementor-column elementor-col-33 elementor-top-column elementor-element elementor-element-c8f0197\" data-id=\"c8f0197\" data-element_type=\"column\" data-e-type=\"column\">\n\t\t\t<div class=\"elementor-widget-wrap elementor-element-populated\">\n\t\t\t\t\t\t<div class=\"elementor-element elementor-element-8099025 elementor-widget elementor-widget-text-editor\" data-id=\"8099025\" data-element_type=\"widget\" data-e-type=\"widget\" data-widget_type=\"text-editor.default\">\n\t\t\t\t<div class=\"elementor-widget-container\">\n\t\t\t\t\t\t\t\t\tM\u00e9dicos acupunturistas<br>\ncertificados y capacitados\t\t\t\t\t\t\t\t<\/div>\n\t\t\t\t<\/div>\n\t\t\t\t<div class=\"elementor-element elementor-element-22dcffc elementor-widget elementor-widget-text-editor\" data-id=\"22dcffc\" data-element_type=\"widget\" data-e-type=\"widget\" data-widget_type=\"text-editor.default\">\n\t\t\t\t<div class=\"elementor-widget-container\">\n\t\t\t\t\t\t\t\t\tTratamientos personalizados seg\u00fan<br>\ntus necesidades y s\u00edntomas\t\t\t\t\t\t\t\t<\/div>\n\t\t\t\t<\/div>\n\t\t\t\t<div class=\"elementor-element elementor-element-1909eef elementor-widget elementor-widget-text-editor\" data-id=\"1909eef\" data-element_type=\"widget\" data-e-type=\"widget\" data-widget_type=\"text-editor.default\">\n\t\t\t\t<div class=\"elementor-widget-container\">\n\t\t\t\t\t\t\t\t\tUn enfoque integral y hol\u00edstico<br>\npara el cuidado de la salud\t\t\t\t\t\t\t\t<\/div>\n\t\t\t\t<\/div>\n\t\t\t\t\t<\/div>\n\t\t<\/div>\n\t\t\t\t\t<\/div>\n\t\t<\/section>\n\t\t\t\t<\/div>\n\t\t","protected":false},"excerpt":{"rendered":"<p>Descubre la medicina china tradicional para aliviar el dolor y mejorar tu calidad de vida \u00bfTe enfrentas a dolores cr\u00f3nicos o buscas una forma natural de mejorar tu bienestar? \u00bfQu\u00e9 es la acupuntura y c\u00f3mo funciona? La acupuntura consiste en insertar agujasmuy finas en puntos estrat\u00e9gicos del cuerpo.Esta t\u00e9cnica busca equilibrar el flujo de energ\u00edao [&hellip;]<\/p>\n","protected":false},"author":1,"featured_media":0,"parent":0,"menu_order":0,"comment_status":"closed","ping_status":"closed","template":"","meta":{"footnotes":""},"class_list":["post-417","page","type-page","status-publish","hentry"],"_links":{"self":[{"href":"https:\/\/cmcapistran.com\/index.php\/wp-json\/wp\/v2\/pages\/417","targetHints":{"allow":["GET"]}}],"collection":[{"href":"https:\/\/cmcapistran.com\/index.php\/wp-json\/wp\/v2\/pages"}],"about":[{"href":"https:\/\/cmcapistran.com\/index.php\/wp-json\/wp\/v2\/types\/page"}],"author":[{"embeddable":true,"href":"https:\/\/cmcapistran.com\/index.php\/wp-json\/wp\/v2\/users\/1"}],"replies":[{"embeddable":true,"href":"https:\/\/cmcapistran.com\/index.php\/wp-json\/wp\/v2\/comments?post=417"}],"version-history":[{"count":119,"href":"https:\/\/cmcapistran.com\/index.php\/wp-json\/wp\/v2\/pages\/417\/revisions"}],"predecessor-version":[{"id":2181,"href":"https:\/\/cmcapistran.com\/index.php\/wp-json\/wp\/v2\/pages\/417\/revisions\/2181"}],"wp:attachment":[{"href":"https:\/\/cmcapistran.com\/index.php\/wp-json\/wp\/v2\/media?parent=417"}],"curies":[{"name":"wp","href":"https:\/\/api.w.org\/{rel}","templated":true}]}}