{"id":1989,"date":"2024-03-27T20:59:07","date_gmt":"2024-03-27T20:59:07","guid":{"rendered":"https:\/\/cmcapistran.com\/?page_id=1989"},"modified":"2024-04-14T21:13:22","modified_gmt":"2024-04-14T21:13:22","slug":"tratamientos-personalizados","status":"publish","type":"page","link":"https:\/\/cmcapistran.com\/index.php\/tratamientos-personalizados\/","title":{"rendered":"Tratamientos personalizados"},"content":{"rendered":"\t\t<div data-elementor-type=\"wp-page\" data-elementor-id=\"1989\" class=\"elementor elementor-1989\">\n\t\t\t\t\t\t<section class=\"elementor-section elementor-top-section elementor-element elementor-element-f07e368 elementor-section-boxed elementor-section-height-default elementor-section-height-default\" data-id=\"f07e368\" data-element_type=\"section\" data-e-type=\"section\" data-settings=\"{&quot;background_background&quot;:&quot;classic&quot;}\">\n\t\t\t\t\t\t\t<div class=\"elementor-background-overlay\"><\/div>\n\t\t\t\t\t\t\t<div class=\"elementor-container elementor-column-gap-no\">\n\t\t\t\t\t<div class=\"elementor-column elementor-col-100 elementor-top-column elementor-element elementor-element-ac8fb7b\" data-id=\"ac8fb7b\" data-element_type=\"column\" data-e-type=\"column\">\n\t\t\t<div class=\"elementor-widget-wrap elementor-element-populated\">\n\t\t\t\t\t\t<div class=\"elementor-element elementor-element-b47b6bd elementor-widget elementor-widget-heading\" data-id=\"b47b6bd\" data-element_type=\"widget\" data-e-type=\"widget\" data-widget_type=\"heading.default\">\n\t\t\t\t<div class=\"elementor-widget-container\">\n\t\t\t\t\t<h2 class=\"elementor-heading-title elementor-size-default\">Tratamientos personalizados<\/h2>\t\t\t\t<\/div>\n\t\t\t\t<\/div>\n\t\t\t\t<div class=\"elementor-element elementor-element-568f341 elementor-widget elementor-widget-text-editor\" data-id=\"568f341\" data-element_type=\"widget\" data-e-type=\"widget\" data-widget_type=\"text-editor.default\">\n\t\t\t\t<div class=\"elementor-widget-container\">\n\t\t\t\t\t\t\t\t\tRefuerzo inmunol\u00f3gico a medida\t\t\t\t\t\t\t\t<\/div>\n\t\t\t\t<\/div>\n\t\t\t\t\t<\/div>\n\t\t<\/div>\n\t\t\t\t\t<\/div>\n\t\t<\/section>\n\t\t\t\t<section class=\"elementor-section elementor-top-section elementor-element elementor-element-1e2c6d4 elementor-section-boxed elementor-section-height-default elementor-section-height-default\" data-id=\"1e2c6d4\" data-element_type=\"section\" data-e-type=\"section\">\n\t\t\t\t\t\t<div class=\"elementor-container elementor-column-gap-default\">\n\t\t\t\t\t<div class=\"elementor-column elementor-col-100 elementor-top-column elementor-element elementor-element-93d86f7\" data-id=\"93d86f7\" data-element_type=\"column\" data-e-type=\"column\">\n\t\t\t<div class=\"elementor-widget-wrap elementor-element-populated\">\n\t\t\t\t\t\t<div class=\"elementor-element elementor-element-840ca1e elementor-widget elementor-widget-text-editor\" data-id=\"840ca1e\" data-element_type=\"widget\" data-e-type=\"widget\" data-widget_type=\"text-editor.default\">\n\t\t\t\t<div class=\"elementor-widget-container\">\n\t\t\t\t\t\t\t\t\tEn Centro M\u00e9dico Capistr\u00e1n, nos enorgullecemos de\nofrecer soluciones de salud innovadoras y personalizadas,\ndise\u00f1adas para responder de manera eficaz a las necesidades\n\u00fanicas de cada paciente. Nuestro enfoque distintivo en el\ncuidado de la salud se centra en un tratamiento de refuerzo\ninmunol\u00f3gico, meticulosamente elaborado a partir de la propia\nmuestra del paciente.\t\t\t\t\t\t\t\t<\/div>\n\t\t\t\t<\/div>\n\t\t\t\t\t<\/div>\n\t\t<\/div>\n\t\t\t\t\t<\/div>\n\t\t<\/section>\n\t\t\t\t<section class=\"elementor-section elementor-top-section elementor-element elementor-element-acd5de9 elementor-section-boxed elementor-section-height-default elementor-section-height-default\" data-id=\"acd5de9\" data-element_type=\"section\" data-e-type=\"section\">\n\t\t\t\t\t\t<div class=\"elementor-container elementor-column-gap-default\">\n\t\t\t\t\t<div class=\"elementor-column elementor-col-50 elementor-top-column elementor-element elementor-element-7a572d8\" data-id=\"7a572d8\" data-element_type=\"column\" data-e-type=\"column\">\n\t\t\t<div class=\"elementor-widget-wrap elementor-element-populated\">\n\t\t\t\t\t\t<div class=\"elementor-element elementor-element-18e1e51 elementor-widget elementor-widget-text-editor\" data-id=\"18e1e51\" data-element_type=\"widget\" data-e-type=\"widget\" data-widget_type=\"text-editor.default\">\n\t\t\t\t<div class=\"elementor-widget-container\">\n\t\t\t\t\t\t\t\t\t\u00bfQu\u00e9 ofrecemos?\t\t\t\t\t\t\t\t<\/div>\n\t\t\t\t<\/div>\n\t\t\t\t<div class=\"elementor-element elementor-element-4d975c2 elementor-widget elementor-widget-text-editor\" data-id=\"4d975c2\" data-element_type=\"widget\" data-e-type=\"widget\" data-widget_type=\"text-editor.default\">\n\t\t\t\t<div class=\"elementor-widget-container\">\n\t\t\t\t\t\t\t\t\tNuestro tratamiento personalizado\nno es un procedimiento est\u00e1ndar. Es\nun refuerzo inmunol\u00f3gico dise\u00f1ado\nespec\u00edficamente para ti, que modula\nde forma natural la respuesta de tu\nsistema inmunol\u00f3gico. Esta personalizaci\u00f3n garantiza que el tratamiento\nest\u00e9 perfectamente alineado con tu\nperfil biol\u00f3gico \u00fanico, ofreciendo una\nsoluci\u00f3n de salud a medida que se integra armoniosamente con tu cuerpo.\t\t\t\t\t\t\t\t<\/div>\n\t\t\t\t<\/div>\n\t\t\t\t\t<\/div>\n\t\t<\/div>\n\t\t\t\t<div class=\"elementor-column elementor-col-50 elementor-top-column elementor-element elementor-element-c707c4e\" data-id=\"c707c4e\" data-element_type=\"column\" data-e-type=\"column\">\n\t\t\t<div class=\"elementor-widget-wrap elementor-element-populated\">\n\t\t\t\t\t\t<div class=\"elementor-element elementor-element-b078b18 elementor-widget elementor-widget-image\" data-id=\"b078b18\" data-element_type=\"widget\" data-e-type=\"widget\" data-widget_type=\"image.default\">\n\t\t\t\t<div class=\"elementor-widget-container\">\n\t\t\t\t\t\t\t\t\t\t\t\t\t\t\t<img fetchpriority=\"high\" decoding=\"async\" width=\"651\" height=\"364\" src=\"https:\/\/cmcapistran.com\/wp-content\/uploads\/2024\/03\/Sin-titulo-5.png\" class=\"attachment-large size-large wp-image-1992\" alt=\"\" srcset=\"https:\/\/cmcapistran.com\/wp-content\/uploads\/2024\/03\/Sin-titulo-5.png 651w, https:\/\/cmcapistran.com\/wp-content\/uploads\/2024\/03\/Sin-titulo-5-300x168.png 300w\" sizes=\"(max-width: 651px) 100vw, 651px\" \/>\t\t\t\t\t\t\t\t\t\t\t\t\t\t\t<\/div>\n\t\t\t\t<\/div>\n\t\t\t\t<div class=\"elementor-element elementor-element-7732e70 elementor-hidden-mobile elementor-widget elementor-widget-spacer\" data-id=\"7732e70\" data-element_type=\"widget\" data-e-type=\"widget\" data-widget_type=\"spacer.default\">\n\t\t\t\t<div class=\"elementor-widget-container\">\n\t\t\t\t\t\t\t<div class=\"elementor-spacer\">\n\t\t\t<div class=\"elementor-spacer-inner\"><\/div>\n\t\t<\/div>\n\t\t\t\t\t\t<\/div>\n\t\t\t\t<\/div>\n\t\t\t\t\t<\/div>\n\t\t<\/div>\n\t\t\t\t\t<\/div>\n\t\t<\/section>\n\t\t\t\t<section class=\"elementor-section elementor-top-section elementor-element elementor-element-ac2c1d9 elementor-section-boxed elementor-section-height-default elementor-section-height-default\" data-id=\"ac2c1d9\" data-element_type=\"section\" data-e-type=\"section\">\n\t\t\t\t\t\t<div class=\"elementor-container elementor-column-gap-default\">\n\t\t\t\t\t<div class=\"elementor-column elementor-col-50 elementor-top-column elementor-element elementor-element-fe147b4\" data-id=\"fe147b4\" data-element_type=\"column\" data-e-type=\"column\">\n\t\t\t<div class=\"elementor-widget-wrap elementor-element-populated\">\n\t\t\t\t\t\t<div class=\"elementor-element elementor-element-f014ea0 elementor-widget elementor-widget-text-editor\" data-id=\"f014ea0\" data-element_type=\"widget\" data-e-type=\"widget\" data-widget_type=\"text-editor.default\">\n\t\t\t\t<div class=\"elementor-widget-container\">\n\t\t\t\t\t\t\t\t\tVentajas de nuestro tratamiento: \t\t\t\t\t\t\t\t<\/div>\n\t\t\t\t<\/div>\n\t\t\t\t<div class=\"elementor-element elementor-element-461b05e elementor-widget elementor-widget-text-editor\" data-id=\"461b05e\" data-element_type=\"widget\" data-e-type=\"widget\" data-widget_type=\"text-editor.default\">\n\t\t\t\t<div class=\"elementor-widget-container\">\n\t\t\t\t\t\t\t\t\t<strong>Personalizaci\u00f3n completa:<\/strong> Al utilizar\ntu propia muestra, desarrollamos un\ntratamiento que es genuinamente\n\u00fanico, adapt\u00e1ndose precisamente a\ntus necesidades espec\u00edficas de salud.\t\t\t\t\t\t\t\t<\/div>\n\t\t\t\t<\/div>\n\t\t\t\t<div class=\"elementor-element elementor-element-c8448a0 elementor-widget elementor-widget-text-editor\" data-id=\"c8448a0\" data-element_type=\"widget\" data-e-type=\"widget\" data-widget_type=\"text-editor.default\">\n\t\t\t\t<div class=\"elementor-widget-container\">\n\t\t\t\t\t\t\t\t\t<strong>Seguridad y naturalidad:<\/strong> Al ser un\ntratamiento natural, elaborado a\npartir de tu propia muestra, minimizamos el riesgo de efectos secundarios, ofreciendo un perfil de seguridad excepcional. \t\t\t\t\t\t\t\t<\/div>\n\t\t\t\t<\/div>\n\t\t\t\t\t<\/div>\n\t\t<\/div>\n\t\t\t\t<div class=\"elementor-column elementor-col-50 elementor-top-column elementor-element elementor-element-d970870\" data-id=\"d970870\" data-element_type=\"column\" data-e-type=\"column\">\n\t\t\t<div class=\"elementor-widget-wrap elementor-element-populated\">\n\t\t\t\t\t\t<div class=\"elementor-element elementor-element-123610d elementor-widget elementor-widget-text-editor\" data-id=\"123610d\" data-element_type=\"widget\" data-e-type=\"widget\" data-widget_type=\"text-editor.default\">\n\t\t\t\t<div class=\"elementor-widget-container\">\n\t\t\t\t\t\t\t\t\t<strong>Versatilidad:<\/strong> Nuestro refuerzo inmunol\u00f3gico puede ser utilizado como un tratamiento aut\u00f3nomo o en combinaci\u00f3n con\notros tratamientos tradicionales, brindando una flexibilidad sin precedentes\nen la gesti\u00f3n de tu salud.\t\t\t\t\t\t\t\t<\/div>\n\t\t\t\t<\/div>\n\t\t\t\t<div class=\"elementor-element elementor-element-c7f0335 elementor-widget elementor-widget-text-editor\" data-id=\"c7f0335\" data-element_type=\"widget\" data-e-type=\"widget\" data-widget_type=\"text-editor.default\">\n\t\t\t\t<div class=\"elementor-widget-container\">\n\t\t\t\t\t\t\t\t\t<strong>Accesibilidad y eficacia:<\/strong> Con m\u00e1s de 40\na\u00f1os de experiencia y un historial comprobado de resultados excepcionales,\nnuestro tratamiento no solo es efectivo\nsino tambi\u00e9n accesible para aquellos que\nbuscan alternativas de salud innovadoras.\t\t\t\t\t\t\t\t<\/div>\n\t\t\t\t<\/div>\n\t\t\t\t\t<\/div>\n\t\t<\/div>\n\t\t\t\t\t<\/div>\n\t\t<\/section>\n\t\t\t\t<section class=\"elementor-section elementor-top-section elementor-element elementor-element-07565ad elementor-section-boxed elementor-section-height-default elementor-section-height-default\" data-id=\"07565ad\" data-element_type=\"section\" data-e-type=\"section\">\n\t\t\t\t\t\t<div class=\"elementor-container elementor-column-gap-default\">\n\t\t\t\t\t<div class=\"elementor-column elementor-col-50 elementor-top-column elementor-element elementor-element-f1cfa89\" data-id=\"f1cfa89\" data-element_type=\"column\" data-e-type=\"column\">\n\t\t\t<div class=\"elementor-widget-wrap elementor-element-populated\">\n\t\t\t\t\t\t<div class=\"elementor-element elementor-element-63242f9 elementor-widget elementor-widget-text-editor\" data-id=\"63242f9\" data-element_type=\"widget\" data-e-type=\"widget\" data-widget_type=\"text-editor.default\">\n\t\t\t\t<div class=\"elementor-widget-container\">\n\t\t\t\t\t\t\t\t\tCompromiso con la excelencia\t\t\t\t\t\t\t\t<\/div>\n\t\t\t\t<\/div>\n\t\t\t\t\t<\/div>\n\t\t<\/div>\n\t\t\t\t<div class=\"elementor-column elementor-col-50 elementor-top-column elementor-element elementor-element-655f241 elementor-hidden-mobile\" data-id=\"655f241\" data-element_type=\"column\" data-e-type=\"column\">\n\t\t\t<div class=\"elementor-widget-wrap\">\n\t\t\t\t\t\t\t<\/div>\n\t\t<\/div>\n\t\t\t\t\t<\/div>\n\t\t<\/section>\n\t\t\t\t<section class=\"elementor-section elementor-top-section elementor-element elementor-element-ff1cb0a elementor-section-boxed elementor-section-height-default elementor-section-height-default\" data-id=\"ff1cb0a\" data-element_type=\"section\" data-e-type=\"section\">\n\t\t\t\t\t\t<div class=\"elementor-container elementor-column-gap-default\">\n\t\t\t\t\t<div class=\"elementor-column elementor-col-50 elementor-top-column elementor-element elementor-element-7119ea8\" data-id=\"7119ea8\" data-element_type=\"column\" data-e-type=\"column\">\n\t\t\t<div class=\"elementor-widget-wrap elementor-element-populated\">\n\t\t\t\t\t\t<div class=\"elementor-element elementor-element-4c0e2c8 elementor-widget elementor-widget-text-editor\" data-id=\"4c0e2c8\" data-element_type=\"widget\" data-e-type=\"widget\" data-widget_type=\"text-editor.default\">\n\t\t\t\t<div class=\"elementor-widget-container\">\n\t\t\t\t\t\t\t\t\t<p>En Centro M\u00e9dico Capistr\u00e1n, nuestra<br \/>dedicaci\u00f3n a la salud y el bienestar de<br \/>nuestros pacientes es la piedra angular de nuestro enfoque. Nos comprometemos a proporcionar tratamientos<br \/>de la m\u00e1s alta calidad, respaldados por<br \/>d\u00e9cadas de investigaci\u00f3n, experiencia<br \/>y casos de \u00e9xito por casos de \u00e9xitos. Nuestro tratamiento de refuerzo inmunol\u00f3gico personalizado es un testimonio de este<br \/>compromiso, ofreciendo una soluci\u00f3n<br \/>de cuidado de la salud que es tan<br \/>\u00fanica como t\u00fa.<\/p>\t\t\t\t\t\t\t\t<\/div>\n\t\t\t\t<\/div>\n\t\t\t\t\t<\/div>\n\t\t<\/div>\n\t\t\t\t<div class=\"elementor-column elementor-col-50 elementor-top-column elementor-element elementor-element-ddb4cb8\" data-id=\"ddb4cb8\" data-element_type=\"column\" data-e-type=\"column\">\n\t\t\t<div class=\"elementor-widget-wrap elementor-element-populated\">\n\t\t\t\t\t\t<div class=\"elementor-element elementor-element-56979a5 elementor-widget elementor-widget-image\" data-id=\"56979a5\" data-element_type=\"widget\" data-e-type=\"widget\" data-widget_type=\"image.default\">\n\t\t\t\t<div class=\"elementor-widget-container\">\n\t\t\t\t\t\t\t\t\t\t\t\t\t\t\t<img decoding=\"async\" width=\"306\" height=\"269\" src=\"https:\/\/cmcapistran.com\/wp-content\/uploads\/2024\/02\/2-1.png\" class=\"attachment-large size-large wp-image-1184\" alt=\"\" srcset=\"https:\/\/cmcapistran.com\/wp-content\/uploads\/2024\/02\/2-1.png 306w, https:\/\/cmcapistran.com\/wp-content\/uploads\/2024\/02\/2-1-300x264.png 300w\" sizes=\"(max-width: 306px) 100vw, 306px\" \/>\t\t\t\t\t\t\t\t\t\t\t\t\t\t\t<\/div>\n\t\t\t\t<\/div>\n\t\t\t\t\t<\/div>\n\t\t<\/div>\n\t\t\t\t\t<\/div>\n\t\t<\/section>\n\t\t\t\t<section class=\"elementor-section elementor-top-section elementor-element elementor-element-5feb553 elementor-section-boxed elementor-section-height-default elementor-section-height-default\" data-id=\"5feb553\" data-element_type=\"section\" data-e-type=\"section\">\n\t\t\t\t\t\t<div class=\"elementor-container elementor-column-gap-default\">\n\t\t\t\t\t<div class=\"elementor-column elementor-col-100 elementor-top-column elementor-element elementor-element-e2bbe34\" data-id=\"e2bbe34\" data-element_type=\"column\" data-e-type=\"column\">\n\t\t\t<div class=\"elementor-widget-wrap elementor-element-populated\">\n\t\t\t\t\t\t<div class=\"elementor-element elementor-element-3ec48c0 elementor-widget elementor-widget-text-editor\" data-id=\"3ec48c0\" data-element_type=\"widget\" data-e-type=\"widget\" data-widget_type=\"text-editor.default\">\n\t\t\t\t<div class=\"elementor-widget-container\">\n\t\t\t\t\t\t\t\t\tDescubre la diferencia personalizada:\n\t\t\t\t\t\t\t\t<\/div>\n\t\t\t\t<\/div>\n\t\t\t\t<div class=\"elementor-element elementor-element-eba5e59 elementor-widget elementor-widget-text-editor\" data-id=\"eba5e59\" data-element_type=\"widget\" data-e-type=\"widget\" data-widget_type=\"text-editor.default\">\n\t\t\t\t<div class=\"elementor-widget-container\">\n\t\t\t\t\t\t\t\t\tInvitamos a aquellos interesados en explorar c\u00f3mo nuestro enfoque personalizado hacia el refuerzo inmunol\u00f3gico puede \nmarcar una diferencia significativa en su bienestar a contactarnos para una consulta. En Centro M\u00e9dico Capistr\u00e1n, estamos \nlistos para ayudarte a alcanzar tu \u00f3ptimo estado de salud con \nsoluciones hechas a medida para ti.\t\t\t\t\t\t\t\t<\/div>\n\t\t\t\t<\/div>\n\t\t\t\t\t<\/div>\n\t\t<\/div>\n\t\t\t\t\t<\/div>\n\t\t<\/section>\n\t\t\t\t<\/div>\n\t\t","protected":false},"excerpt":{"rendered":"<p>Tratamientos personalizados Refuerzo inmunol\u00f3gico a medidaEn Centro M\u00e9dico Capistr\u00e1n, nos enorgullecemos de ofrecer soluciones de salud innovadoras y personalizadas, dise\u00f1adas para responder de manera eficaz a las necesidades \u00fanicas de cada paciente. Nuestro enfoque distintivo en el cuidado de la salud se centra en un tratamiento de refuerzo inmunol\u00f3gico, meticulosamente elaborado a partir de la [&hellip;]<\/p>\n","protected":false},"author":2,"featured_media":0,"parent":0,"menu_order":0,"comment_status":"closed","ping_status":"closed","template":"","meta":{"footnotes":""},"class_list":["post-1989","page","type-page","status-publish","hentry"],"_links":{"self":[{"href":"https:\/\/cmcapistran.com\/index.php\/wp-json\/wp\/v2\/pages\/1989","targetHints":{"allow":["GET"]}}],"collection":[{"href":"https:\/\/cmcapistran.com\/index.php\/wp-json\/wp\/v2\/pages"}],"about":[{"href":"https:\/\/cmcapistran.com\/index.php\/wp-json\/wp\/v2\/types\/page"}],"author":[{"embeddable":true,"href":"https:\/\/cmcapistran.com\/index.php\/wp-json\/wp\/v2\/users\/2"}],"replies":[{"embeddable":true,"href":"https:\/\/cmcapistran.com\/index.php\/wp-json\/wp\/v2\/comments?post=1989"}],"version-history":[{"count":97,"href":"https:\/\/cmcapistran.com\/index.php\/wp-json\/wp\/v2\/pages\/1989\/revisions"}],"predecessor-version":[{"id":2290,"href":"https:\/\/cmcapistran.com\/index.php\/wp-json\/wp\/v2\/pages\/1989\/revisions\/2290"}],"wp:attachment":[{"href":"https:\/\/cmcapistran.com\/index.php\/wp-json\/wp\/v2\/media?parent=1989"}],"curies":[{"name":"wp","href":"https:\/\/api.w.org\/{rel}","templated":true}]}}