{"id":119,"date":"2023-03-09T22:20:50","date_gmt":"2023-03-09T22:20:50","guid":{"rendered":"https:\/\/cmcapistran.com\/?page_id=119"},"modified":"2025-08-11T18:59:11","modified_gmt":"2025-08-11T18:59:11","slug":"contactanos","status":"publish","type":"page","link":"https:\/\/cmcapistran.com\/index.php\/contactanos\/","title":{"rendered":"Cont\u00e1ctanos"},"content":{"rendered":"\t\t<div data-elementor-type=\"wp-page\" data-elementor-id=\"119\" class=\"elementor elementor-119\">\n\t\t\t\t\t\t<section class=\"elementor-section elementor-top-section elementor-element elementor-element-6cf8354a elementor-section-boxed elementor-section-height-default elementor-section-height-default\" data-id=\"6cf8354a\" data-element_type=\"section\" data-e-type=\"section\" data-settings=\"{&quot;background_background&quot;:&quot;classic&quot;}\">\n\t\t\t\t\t\t\t<div class=\"elementor-background-overlay\"><\/div>\n\t\t\t\t\t\t\t<div class=\"elementor-container elementor-column-gap-no\">\n\t\t\t\t\t<div class=\"elementor-column elementor-col-100 elementor-top-column elementor-element elementor-element-991e33d\" data-id=\"991e33d\" data-element_type=\"column\" data-e-type=\"column\">\n\t\t\t<div class=\"elementor-widget-wrap elementor-element-populated\">\n\t\t\t\t\t\t<div class=\"elementor-element elementor-element-7e7a2fe elementor-widget elementor-widget-heading\" data-id=\"7e7a2fe\" data-element_type=\"widget\" data-e-type=\"widget\" data-widget_type=\"heading.default\">\n\t\t\t\t<div class=\"elementor-widget-container\">\n\t\t\t\t\t<h2 class=\"elementor-heading-title elementor-size-default\">Cont\u00e1ctanos<\/h2>\t\t\t\t<\/div>\n\t\t\t\t<\/div>\n\t\t\t\t\t<\/div>\n\t\t<\/div>\n\t\t\t\t\t<\/div>\n\t\t<\/section>\n\t\t\t\t<section class=\"elementor-section elementor-top-section elementor-element elementor-element-34009bb elementor-section-boxed elementor-section-height-default elementor-section-height-default\" data-id=\"34009bb\" data-element_type=\"section\" data-e-type=\"section\">\n\t\t\t\t\t\t<div class=\"elementor-container elementor-column-gap-default\">\n\t\t\t\t\t<div class=\"elementor-column elementor-col-100 elementor-top-column elementor-element elementor-element-018f7f1\" data-id=\"018f7f1\" data-element_type=\"column\" data-e-type=\"column\">\n\t\t\t<div class=\"elementor-widget-wrap elementor-element-populated\">\n\t\t\t\t\t\t<div class=\"elementor-element elementor-element-aaadc36 elementor-widget elementor-widget-html\" data-id=\"aaadc36\" data-element_type=\"widget\" data-e-type=\"widget\" data-widget_type=\"html.default\">\n\t\t\t\t<div class=\"elementor-widget-container\">\n\t\t\t\t\t<style>\n.cmc-wrap {\n  margin-top: 80px; \/* Ajusta para que no se encime con el header *\/\n  text-align: center;\n  font-family: Arial, sans-serif;\n}\n.cmc-links {\n  display: flex;\n  flex-direction: column;\n  align-items: center;\n  gap: 12px;\n  margin-top: 20px;\n}\n.cmc-btn {\n  display: inline-flex;\n  align-items: center;\n  gap: 8px;\n  padding: 10px 16px;\n  border-radius: 6px;\n  text-decoration: none;\n  font-size: 16px;\n  color: #fff;\n  background-color: #0077b6;\n  transition: background-color 0.3s ease;\n}\n.cmc-btn:hover {\n  background-color: #005f86;\n}\n.cmc-primary {\n  background-color: #25d366;\n}\n.cmc-primary:hover {\n  background-color: #1eb346;\n}\n.cmc-outline {\n  background-color: transparent;\n  border: 2px solid #0077b6;\n  color: #0077b6;\n}\n.cmc-outline:hover {\n  background-color: #0077b6;\n  color: #fff;\n}\n.cmc-wrap svg {\n  width: 20px !important;\n  height: 20px !important;\n  display: inline-block;\n  vertical-align: middle;\n  fill: currentColor;\n}\n<\/style>\n\n<div class=\"cmc-wrap\">\n  <h1>Centro M\u00e9dico Capistr\u00e1n<\/h1>\n  <p>Acupuntura y medicina integrativa en CDMX.<\/p>\n  <p>\u2b50 4.8 \/ 5110 rese\u00f1as \u2014 Benito Ju\u00e1rez, CDMX<\/p>\n\n  <nav class=\"cmc-links\" aria-label=\"Acciones principales\">\n    <!-- WhatsApp -->\n    <a class=\"cmc-btn cmc-primary\" href=\"https:\/\/wa.me\/525591979610?text=Hola%20quiero%20agendar%20cita%20en%20Centro%20M%C3%A9dico%20Capistr%C3%A1n\" target=\"_blank\" rel=\"noopener nofollow\">\n      <svg viewBox=\"0 0 24 24\"><path d=\"M20.52 3.48A11.86 11.86 0 0 0 12 0C5.37 0 .01 5.36.01 11.98c0 2.11.55 4.17 1.6 5.99L0 24l6.2-1.62a12 12 0 0 0 5.8 1.48C18.64 23.86 24 18.5 24 11.98c0-3.18-1.24-6.12-3.48-8.5ZM12 21.4a9.4 9.4 0 0 1-4.79-1.31l-.34-.2-3.68.96.98-3.59-.23-.37A9.4 9.4 0 1 1 12 21.4Zm5.48-6.99c-.3-.15-1.77-.87-2.05-.97-.27-.1-.47-.15-.67.15-.2.3-.77.97-.95 1.17-.18.2-.35.22-.65.08-.3-.15-1.27-.47-2.42-1.5-.89-.79-1.49-1.77-1.67-2.07-.18-.3-.02-.46.13-.6.13-.12.3-.32.45-.47.15-.15.2-.25.3-.42.1-.2.05-.37-.02-.52-.08-.15-.67-1.6-.92-2.19-.24-.58-.49-.5-.67-.51h-.57c-.2 0-.52.07-.8.37-.27.3-1.05 1.02-1.05 2.5 0 1.47 1.08 2.9 1.23 3.1.15.2 2.14 3.26 5.19 4.57.73.32 1.3.51 1.75.66.73.23 1.39.2 1.92.12.59-.09 1.77-.72 2.02-1.42.25-.7.25-1.3.17-1.42-.07-.1-.27-.18-.57-.33Z\"\/><\/svg>\n      Agendar por WhatsApp\n    <\/a>\n\n    <!-- Instagram -->\n    <a class=\"cmc-btn\" href=\"https:\/\/www.instagram.com\/centromedicocapistran\/\" target=\"_blank\" rel=\"noopener nofollow\">\n      <svg viewBox=\"0 0 24 24\"><path d=\"M7 2h10a5 5 0 0 1 5 5v10a5 5 0 0 1-5 5H7a5 5 0 0 1-5-5V7a5 5 0 0 1 5-5Zm0 2a3 3 0 0 0-3 3v10a3 3 0 0 0 3 3h10a3 3 0 0 0 3-3V7a3 3 0 0 0-3-3H7Zm5 3.5A5.5 5.5 0 1 1 6.5 13 5.5 5.5 0 0 1 12 7.5Zm0 2A3.5 3.5 0 1 0 15.5 13 3.5 3.5 0 0 0 12 9.5Zm5.75-3.25a1.25 1.25 0 1 1-1.25 1.25 1.25 1.25 0 0 1 1.25-1.25Z\"\/><\/svg>\n      Instagram\n    <\/a>\n\n    <!-- TikTok -->\n    <a class=\"cmc-btn\" href=\"https:\/\/www.tiktok.com\/@cmcapistran\" target=\"_blank\" rel=\"noopener nofollow\">\n      <svg viewBox=\"0 0 24 24\"><path d=\"M15 3v7.03a8.97 8.97 0 0 0 5 1.47v3.02a12 12 0 0 1-5-1.27V16a6 6 0 1 1-6-6c.34 0 .67.03 1 .1V7h5Zm-5 12a3 3 0 1 0 3 3v-4.9a6 6 0 0 1-1-.1A3 3 0 0 0 10 15Z\"\/><\/svg>\n      TikTok\n    <\/a>\n\n    <!-- Facebook -->\n    <a class=\"cmc-btn\" href=\"https:\/\/www.facebook.com\/centromedicocapistran\" target=\"_blank\" rel=\"noopener nofollow\">\n      <svg viewBox=\"0 0 24 24\"><path d=\"M13 22v-8h3l1-4h-4V7a1 1 0 0 1 1-1h3V2h-3a5 5 0 0 0-5 5v3H6v4h3v8h4Z\"\/><\/svg>\n      Facebook\n    <\/a>\n\n    <!-- Tel\u00e9fonos -->\n    <a class=\"cmc-btn cmc-outline\" href=\"tel:+525556018711\">\n      <svg viewBox=\"0 0 24 24\"><path d=\"M6.6 10.8a15.9 15.9 0 0 0 6.6 6.6l2.2-2.2a1 1 0 0 1 1-.25 11.6 11.6 0 0 0 3.6.6 1 1 0 0 1 1 1V20a1 1 0 0 1-1 1A17 17 0 0 1 3 6a1 1 0 0 1 1-1h2.4a1 1 0 0 1 1 1 11.6 11.6 0 0 0 .6 3.6 1 1 0 0 1-.25 1Z\"\/><\/svg>\n      Llamar: 55 5601 8711\n    <\/a>\n\n    <a class=\"cmc-btn cmc-outline\" href=\"tel:+525556888946\">\n      <svg viewBox=\"0 0 24 24\"><path d=\"M6.6 10.8a15.9 15.9 0 0 0 6.6 6.6l2.2-2.2a1 1 0 0 1 1-.25 11.6 11.6 0 0 0 3.6.6 1 1 0 0 1 1 1V20a1 1 0 0 1-1 1A17 17 0 0 1 3 6a1 1 0 0 1 1-1h2.4a1 1 0 0 1 1 1 11.6 11.6 0 0 0 .6 3.6 1 1 0 0 1-.25 1Z\"\/><\/svg>\n      Llamar: 55 5688 8946\n    <\/a>\n  <\/nav>\n<\/div>\n\t\t\t\t<\/div>\n\t\t\t\t<\/div>\n\t\t\t\t\t<\/div>\n\t\t<\/div>\n\t\t\t\t\t<\/div>\n\t\t<\/section>\n\t\t\t\t<section class=\"elementor-section elementor-top-section elementor-element elementor-element-b25b31c elementor-section-full_width elementor-section-height-default elementor-section-height-default\" data-id=\"b25b31c\" data-element_type=\"section\" data-e-type=\"section\" data-settings=\"{&quot;background_background&quot;:&quot;classic&quot;,&quot;shape_divider_bottom&quot;:&quot;waves&quot;}\">\n\t\t\t\t\t<div class=\"elementor-shape elementor-shape-bottom\" aria-hidden=\"true\" data-negative=\"false\">\n\t\t\t<svg xmlns=\"http:\/\/www.w3.org\/2000\/svg\" viewBox=\"0 0 1000 100\" preserveAspectRatio=\"none\">\n\t<path class=\"elementor-shape-fill\" d=\"M421.9,6.5c22.6-2.5,51.5,0.4,75.5,5.3c23.6,4.9,70.9,23.5,100.5,35.7c75.8,32.2,133.7,44.5,192.6,49.7\n\tc23.6,2.1,48.7,3.5,103.4-2.5c54.7-6,106.2-25.6,106.2-25.6V0H0v30.3c0,0,72,32.6,158.4,30.5c39.2-0.7,92.8-6.7,134-22.4\n\tc21.2-8.1,52.2-18.2,79.7-24.2C399.3,7.9,411.6,7.5,421.9,6.5z\"\/>\n<\/svg>\t\t<\/div>\n\t\t\t\t\t<div class=\"elementor-container elementor-column-gap-no\">\n\t\t\t\t\t<div class=\"elementor-column elementor-col-100 elementor-top-column elementor-element elementor-element-287681ad\" data-id=\"287681ad\" data-element_type=\"column\" data-e-type=\"column\">\n\t\t\t<div class=\"elementor-widget-wrap elementor-element-populated\">\n\t\t\t\t\t\t<section class=\"elementor-section elementor-inner-section elementor-element elementor-element-2dc8a1ca elementor-section-boxed elementor-section-height-default elementor-section-height-default\" data-id=\"2dc8a1ca\" data-element_type=\"section\" data-e-type=\"section\">\n\t\t\t\t\t\t<div class=\"elementor-container elementor-column-gap-no\">\n\t\t\t\t\t<div class=\"elementor-column elementor-col-50 elementor-inner-column elementor-element elementor-element-7072a827\" data-id=\"7072a827\" data-element_type=\"column\" data-e-type=\"column\">\n\t\t\t<div class=\"elementor-widget-wrap elementor-element-populated\">\n\t\t\t\t\t\t<div class=\"elementor-element elementor-element-2b1928e elementor-widget elementor-widget-text-editor\" data-id=\"2b1928e\" data-element_type=\"widget\" data-e-type=\"widget\" data-widget_type=\"text-editor.default\">\n\t\t\t\t<div class=\"elementor-widget-container\">\n\t\t\t\t\t\t\t\t\tAgenda tu cita\t\t\t\t\t\t\t\t<\/div>\n\t\t\t\t<\/div>\n\t\t\t\t<div class=\"elementor-element elementor-element-ad313bb elementor-widget elementor-widget-text-editor\" data-id=\"ad313bb\" data-element_type=\"widget\" data-e-type=\"widget\" data-widget_type=\"text-editor.default\">\n\t\t\t\t<div class=\"elementor-widget-container\">\n\t\t\t\t\t\t\t\t\t<p><strong>WhatsApp<\/strong> <br \/>55 91 97 96 10<br \/><strong>Tel\u00e9fonos<\/strong><br \/>55 56 01 87 11<br \/>55 56 88 89 46<br \/>55 56 05 11 84<br \/><strong>Correo<\/strong><br \/>info@cmcapistran.com<\/p>\t\t\t\t\t\t\t\t<\/div>\n\t\t\t\t<\/div>\n\t\t\t\t<div class=\"elementor-element elementor-element-c3e8c70 elementor-widget elementor-widget-text-editor\" data-id=\"c3e8c70\" data-element_type=\"widget\" data-e-type=\"widget\" data-widget_type=\"text-editor.default\">\n\t\t\t\t<div class=\"elementor-widget-container\">\n\t\t\t\t\t\t\t\t\tS\u00edguenos\t\t\t\t\t\t\t\t<\/div>\n\t\t\t\t<\/div>\n\t\t\t\t<div class=\"elementor-element elementor-element-63ba5965 elementor-shape-circle e-grid-align-left elementor-grid-4 elementor-widget elementor-widget-social-icons\" data-id=\"63ba5965\" data-element_type=\"widget\" data-e-type=\"widget\" data-widget_type=\"social-icons.default\">\n\t\t\t\t<div class=\"elementor-widget-container\">\n\t\t\t\t\t\t\t<div class=\"elementor-social-icons-wrapper elementor-grid\" role=\"list\">\n\t\t\t\t\t\t\t<span class=\"elementor-grid-item\" role=\"listitem\">\n\t\t\t\t\t<a class=\"elementor-icon elementor-social-icon elementor-social-icon-facebook-f elementor-animation-grow elementor-repeater-item-d9ec588\" target=\"_blank\">\n\t\t\t\t\t\t<span class=\"elementor-screen-only\">Facebook-f<\/span>\n\t\t\t\t\t\t<i aria-hidden=\"true\" class=\"fab fa-facebook-f\"><\/i>\t\t\t\t\t<\/a>\n\t\t\t\t<\/span>\n\t\t\t\t\t\t\t<span class=\"elementor-grid-item\" role=\"listitem\">\n\t\t\t\t\t<a class=\"elementor-icon elementor-social-icon elementor-social-icon-twitter elementor-animation-grow elementor-repeater-item-4995d18\" target=\"_blank\">\n\t\t\t\t\t\t<span class=\"elementor-screen-only\">Twitter<\/span>\n\t\t\t\t\t\t<i aria-hidden=\"true\" class=\"fab fa-twitter\"><\/i>\t\t\t\t\t<\/a>\n\t\t\t\t<\/span>\n\t\t\t\t\t\t\t<span class=\"elementor-grid-item\" role=\"listitem\">\n\t\t\t\t\t<a class=\"elementor-icon elementor-social-icon elementor-social-icon-instagram elementor-animation-grow elementor-repeater-item-4d9571d\" target=\"_blank\">\n\t\t\t\t\t\t<span class=\"elementor-screen-only\">Instagram<\/span>\n\t\t\t\t\t\t<i aria-hidden=\"true\" class=\"fab fa-instagram\"><\/i>\t\t\t\t\t<\/a>\n\t\t\t\t<\/span>\n\t\t\t\t\t\t\t<span class=\"elementor-grid-item\" role=\"listitem\">\n\t\t\t\t\t<a class=\"elementor-icon elementor-social-icon elementor-social-icon-youtube elementor-animation-grow elementor-repeater-item-46106ba\" target=\"_blank\">\n\t\t\t\t\t\t<span class=\"elementor-screen-only\">Youtube<\/span>\n\t\t\t\t\t\t<i aria-hidden=\"true\" class=\"fab fa-youtube\"><\/i>\t\t\t\t\t<\/a>\n\t\t\t\t<\/span>\n\t\t\t\t\t<\/div>\n\t\t\t\t\t\t<\/div>\n\t\t\t\t<\/div>\n\t\t\t\t\t<\/div>\n\t\t<\/div>\n\t\t\t\t<div class=\"elementor-column elementor-col-50 elementor-inner-column elementor-element elementor-element-77d40bd1 elementor-invisible\" data-id=\"77d40bd1\" data-element_type=\"column\" data-e-type=\"column\" data-settings=\"{&quot;background_background&quot;:&quot;classic&quot;,&quot;animation&quot;:&quot;fadeInUp&quot;}\">\n\t\t\t<div class=\"elementor-widget-wrap elementor-element-populated\">\n\t\t\t\t\t\t<div class=\"elementor-element elementor-element-16eaadd4 elementor-widget elementor-widget-heading\" data-id=\"16eaadd4\" data-element_type=\"widget\" data-e-type=\"widget\" data-widget_type=\"heading.default\">\n\t\t\t\t<div class=\"elementor-widget-container\">\n\t\t\t\t\t<h4 class=\"elementor-heading-title elementor-size-default\">Enviar Mensaje<\/h4>\t\t\t\t<\/div>\n\t\t\t\t<\/div>\n\t\t\t\t<div class=\"elementor-element elementor-element-635e6eac elementor-button-align-center elementor-widget elementor-widget-form\" data-id=\"635e6eac\" data-element_type=\"widget\" data-e-type=\"widget\" data-settings=\"{&quot;step_next_label&quot;:&quot;Next&quot;,&quot;step_previous_label&quot;:&quot;Previous&quot;,&quot;button_width&quot;:&quot;100&quot;,&quot;step_type&quot;:&quot;number_text&quot;,&quot;step_icon_shape&quot;:&quot;circle&quot;}\" data-widget_type=\"form.default\">\n\t\t\t\t<div class=\"elementor-widget-container\">\n\t\t\t\t\t\t\t<form class=\"elementor-form\" method=\"post\" name=\"Contacto\">\n\t\t\t<input type=\"hidden\" name=\"post_id\" value=\"119\"\/>\n\t\t\t<input type=\"hidden\" name=\"form_id\" value=\"635e6eac\"\/>\n\t\t\t<input type=\"hidden\" name=\"referer_title\" value=\"\" \/>\n\n\t\t\t\n\t\t\t<div class=\"elementor-form-fields-wrapper elementor-labels-\">\n\t\t\t\t\t\t\t\t<div class=\"elementor-field-type-text elementor-field-group elementor-column elementor-field-group-name elementor-col-100 elementor-field-required\">\n\t\t\t\t\t\t\t\t\t\t\t\t<label for=\"form-field-name\" class=\"elementor-field-label elementor-screen-only\">\n\t\t\t\t\t\t\t\tNombre\t\t\t\t\t\t\t<\/label>\n\t\t\t\t\t\t\t\t\t\t\t\t\t\t<input size=\"1\" type=\"text\" name=\"form_fields[name]\" id=\"form-field-name\" class=\"elementor-field elementor-size-sm  elementor-field-textual\" placeholder=\"Nombre\" required=\"required\" aria-required=\"true\">\n\t\t\t\t\t\t\t\t\t\t\t<\/div>\n\t\t\t\t\t\t\t\t<div class=\"elementor-field-type-email elementor-field-group elementor-column elementor-field-group-email elementor-col-100 elementor-field-required\">\n\t\t\t\t\t\t\t\t\t\t\t\t<label for=\"form-field-email\" class=\"elementor-field-label elementor-screen-only\">\n\t\t\t\t\t\t\t\tEmail\t\t\t\t\t\t\t<\/label>\n\t\t\t\t\t\t\t\t\t\t\t\t\t\t<input size=\"1\" type=\"email\" name=\"form_fields[email]\" id=\"form-field-email\" class=\"elementor-field elementor-size-sm  elementor-field-textual\" placeholder=\"Email \" required=\"required\" aria-required=\"true\">\n\t\t\t\t\t\t\t\t\t\t\t<\/div>\n\t\t\t\t\t\t\t\t<div class=\"elementor-field-type-textarea elementor-field-group elementor-column elementor-field-group-field_141b985 elementor-col-100\">\n\t\t\t\t\t\t\t\t\t\t\t\t<label for=\"form-field-field_141b985\" class=\"elementor-field-label elementor-screen-only\">\n\t\t\t\t\t\t\t\tMensaje\t\t\t\t\t\t\t<\/label>\n\t\t\t\t\t\t<textarea class=\"elementor-field-textual elementor-field  elementor-size-sm\" name=\"form_fields[field_141b985]\" id=\"form-field-field_141b985\" rows=\"4\" placeholder=\"Mensaje\"><\/textarea>\t\t\t\t<\/div>\n\t\t\t\t\t\t\t\t<div class=\"elementor-field-group elementor-column elementor-field-type-submit elementor-col-100 e-form__buttons\">\n\t\t\t\t\t<button type=\"submit\" class=\"elementor-button elementor-size-sm elementor-animation-bob\">\n\t\t\t\t\t\t<span >\n\t\t\t\t\t\t\t\t\t\t\t\t\t\t\t<span class=\"elementor-align-icon-right elementor-button-icon\">\n\t\t\t\t\t\t\t\t\t<i aria-hidden=\"true\" class=\"fas fa-angle-right\"><\/i>\t\t\t\t\t\t\t\t\t\t\t\t\t\t\t\t\t<\/span>\n\t\t\t\t\t\t\t\t\t\t\t\t\t\t\t\t\t\t\t\t\t\t<span class=\"elementor-button-text\">Enviar Mensaje<\/span>\n\t\t\t\t\t\t\t\t\t\t\t\t\t<\/span>\n\t\t\t\t\t<\/button>\n\t\t\t\t<\/div>\n\t\t\t<\/div>\n\t\t<\/form>\n\t\t\t\t\t\t<\/div>\n\t\t\t\t<\/div>\n\t\t\t\t\t<\/div>\n\t\t<\/div>\n\t\t\t\t\t<\/div>\n\t\t<\/section>\n\t\t\t\t\t<\/div>\n\t\t<\/div>\n\t\t\t\t\t<\/div>\n\t\t<\/section>\n\t\t\t\t<section class=\"elementor-section elementor-top-section elementor-element elementor-element-3fc4458e elementor-section-boxed elementor-section-height-default elementor-section-height-default\" data-id=\"3fc4458e\" data-element_type=\"section\" data-e-type=\"section\">\n\t\t\t\t\t\t<div class=\"elementor-container elementor-column-gap-no\">\n\t\t\t\t\t<div class=\"elementor-column elementor-col-100 elementor-top-column elementor-element elementor-element-26897bc2\" data-id=\"26897bc2\" data-element_type=\"column\" data-e-type=\"column\">\n\t\t\t<div class=\"elementor-widget-wrap elementor-element-populated\">\n\t\t\t\t\t\t<div class=\"elementor-element elementor-element-77cb5568 elementor-invisible elementor-widget elementor-widget-google_maps\" data-id=\"77cb5568\" data-element_type=\"widget\" data-e-type=\"widget\" data-settings=\"{&quot;_animation&quot;:&quot;fadeInUp&quot;}\" data-widget_type=\"google_maps.default\">\n\t\t\t\t<div class=\"elementor-widget-container\">\n\t\t\t\t\t\t\t<div class=\"elementor-custom-embed\">\n\t\t\t<iframe loading=\"lazy\"\n\t\t\t\t\tsrc=\"https:\/\/maps.google.com\/maps?q=Av.%20Cuauht%C3%A9moc%201190%2C%20Letran%20Valle%2C%20Benito%20Ju%C3%A1rez%2C%2003650%20Ciudad%20de%20M%C3%A9xico%2C%20CDMX%2C%20M%C3%A9xico&#038;t=m&#038;z=13&#038;output=embed&#038;iwloc=near\"\n\t\t\t\t\ttitle=\"Av. Cuauht\u00e9moc 1190, Letran Valle, Benito Ju\u00e1rez, 03650 Ciudad de M\u00e9xico, CDMX, M\u00e9xico\"\n\t\t\t\t\taria-label=\"Av. Cuauht\u00e9moc 1190, Letran Valle, Benito Ju\u00e1rez, 03650 Ciudad de M\u00e9xico, CDMX, M\u00e9xico\"\n\t\t\t><\/iframe>\n\t\t<\/div>\n\t\t\t\t\t\t<\/div>\n\t\t\t\t<\/div>\n\t\t\t\t\t<\/div>\n\t\t<\/div>\n\t\t\t\t\t<\/div>\n\t\t<\/section>\n\t\t\t\t<\/div>\n\t\t","protected":false},"excerpt":{"rendered":"<p>Cont\u00e1ctanos Centro M\u00e9dico Capistr\u00e1n Acupuntura y medicina integrativa en CDMX. \u2b50 4.8 \/ 5110 rese\u00f1as \u2014 Benito Ju\u00e1rez, CDMX Agendar por WhatsApp Instagram TikTok Facebook Llamar: 55 5601 8711 Llamar: 55 5688 8946 Agenda tu cita WhatsApp 55 91 97 96 10Tel\u00e9fonos55 56 01 87 1155 56 88 89 4655 56 05 11 84Correoinfo@cmcapistran.com S\u00edguenos [&hellip;]<\/p>\n","protected":false},"author":1,"featured_media":0,"parent":0,"menu_order":0,"comment_status":"closed","ping_status":"closed","template":"","meta":{"footnotes":""},"class_list":["post-119","page","type-page","status-publish","hentry"],"_links":{"self":[{"href":"https:\/\/cmcapistran.com\/index.php\/wp-json\/wp\/v2\/pages\/119","targetHints":{"allow":["GET"]}}],"collection":[{"href":"https:\/\/cmcapistran.com\/index.php\/wp-json\/wp\/v2\/pages"}],"about":[{"href":"https:\/\/cmcapistran.com\/index.php\/wp-json\/wp\/v2\/types\/page"}],"author":[{"embeddable":true,"href":"https:\/\/cmcapistran.com\/index.php\/wp-json\/wp\/v2\/users\/1"}],"replies":[{"embeddable":true,"href":"https:\/\/cmcapistran.com\/index.php\/wp-json\/wp\/v2\/comments?post=119"}],"version-history":[{"count":43,"href":"https:\/\/cmcapistran.com\/index.php\/wp-json\/wp\/v2\/pages\/119\/revisions"}],"predecessor-version":[{"id":2392,"href":"https:\/\/cmcapistran.com\/index.php\/wp-json\/wp\/v2\/pages\/119\/revisions\/2392"}],"wp:attachment":[{"href":"https:\/\/cmcapistran.com\/index.php\/wp-json\/wp\/v2\/media?parent=119"}],"curies":[{"name":"wp","href":"https:\/\/api.w.org\/{rel}","templated":true}]}}