{"id":113,"date":"2023-03-09T22:19:46","date_gmt":"2023-03-09T22:19:46","guid":{"rendered":"https:\/\/cmcapistran.com\/?page_id=113"},"modified":"2024-04-07T20:49:01","modified_gmt":"2024-04-07T20:49:01","slug":"conocenos","status":"publish","type":"page","link":"https:\/\/cmcapistran.com\/index.php\/conocenos\/","title":{"rendered":"Con\u00f3cenos"},"content":{"rendered":"\t\t<div data-elementor-type=\"wp-page\" data-elementor-id=\"113\" class=\"elementor elementor-113\">\n\t\t\t\t\t\t<section class=\"elementor-section elementor-top-section elementor-element elementor-element-1b6a7e0 elementor-section-full_width elementor-section-height-default elementor-section-height-default\" data-id=\"1b6a7e0\" data-element_type=\"section\" data-e-type=\"section\" data-settings=\"{&quot;background_background&quot;:&quot;classic&quot;}\">\n\t\t\t\t\t\t\t<div class=\"elementor-background-overlay\"><\/div>\n\t\t\t\t\t\t\t<div class=\"elementor-container elementor-column-gap-default\">\n\t\t\t\t\t<div class=\"elementor-column elementor-col-100 elementor-top-column elementor-element elementor-element-7eb18cb\" data-id=\"7eb18cb\" data-element_type=\"column\" data-e-type=\"column\">\n\t\t\t<div class=\"elementor-widget-wrap elementor-element-populated\">\n\t\t\t\t\t\t<div class=\"elementor-element elementor-element-ae507a7 elementor-widget elementor-widget-heading\" data-id=\"ae507a7\" data-element_type=\"widget\" data-e-type=\"widget\" data-widget_type=\"heading.default\">\n\t\t\t\t<div class=\"elementor-widget-container\">\n\t\t\t\t\t<h2 class=\"elementor-heading-title elementor-size-default\">M\u00e1s de <strong>40 a\u00f1os<br>\nde experiencia<br><\/strong>\nnos respaldan<\/h2>\t\t\t\t<\/div>\n\t\t\t\t<\/div>\n\t\t\t\t\t<\/div>\n\t\t<\/div>\n\t\t\t\t\t<\/div>\n\t\t<\/section>\n\t\t\t\t<section class=\"elementor-section elementor-top-section elementor-element elementor-element-53f3348 elementor-section-boxed elementor-section-height-default elementor-section-height-default\" data-id=\"53f3348\" data-element_type=\"section\" data-e-type=\"section\">\n\t\t\t\t\t\t<div class=\"elementor-container elementor-column-gap-default\">\n\t\t\t\t\t<div class=\"elementor-column elementor-col-50 elementor-top-column elementor-element elementor-element-539dcb3\" data-id=\"539dcb3\" data-element_type=\"column\" data-e-type=\"column\">\n\t\t\t<div class=\"elementor-widget-wrap elementor-element-populated\">\n\t\t\t\t\t\t<div class=\"elementor-element elementor-element-e021e75 elementor-widget elementor-widget-heading\" data-id=\"e021e75\" data-element_type=\"widget\" data-e-type=\"widget\" data-widget_type=\"heading.default\">\n\t\t\t\t<div class=\"elementor-widget-container\">\n\t\t\t\t\t<h2 class=\"elementor-heading-title elementor-size-default\">Misi\u00f3n<\/h2>\t\t\t\t<\/div>\n\t\t\t\t<\/div>\n\t\t\t\t<div class=\"elementor-element elementor-element-1aae8b5 elementor-widget elementor-widget-text-editor\" data-id=\"1aae8b5\" data-element_type=\"widget\" data-e-type=\"widget\" data-widget_type=\"text-editor.default\">\n\t\t\t\t<div class=\"elementor-widget-container\">\n\t\t\t\t\t\t\t\t\tBrindar atenci\u00f3n m\u00e9dica de alta calidad, basada en enfoques naturales y tradicionales respaldados por la ciencia, con un firme compromiso hacia la salud y el bienestar integral.\t\t\t\t\t\t\t\t<\/div>\n\t\t\t\t<\/div>\n\t\t\t\t\t<\/div>\n\t\t<\/div>\n\t\t\t\t<div class=\"elementor-column elementor-col-50 elementor-top-column elementor-element elementor-element-0db48a2\" data-id=\"0db48a2\" data-element_type=\"column\" data-e-type=\"column\">\n\t\t\t<div class=\"elementor-widget-wrap elementor-element-populated\">\n\t\t\t\t\t\t<div class=\"elementor-element elementor-element-ba97556 elementor-widget elementor-widget-heading\" data-id=\"ba97556\" data-element_type=\"widget\" data-e-type=\"widget\" data-widget_type=\"heading.default\">\n\t\t\t\t<div class=\"elementor-widget-container\">\n\t\t\t\t\t<h2 class=\"elementor-heading-title elementor-size-default\">Visi\u00f3n<\/h2>\t\t\t\t<\/div>\n\t\t\t\t<\/div>\n\t\t\t\t<div class=\"elementor-element elementor-element-c0bb006 elementor-widget elementor-widget-text-editor\" data-id=\"c0bb006\" data-element_type=\"widget\" data-e-type=\"widget\" data-widget_type=\"text-editor.default\">\n\t\t\t\t<div class=\"elementor-widget-container\">\n\t\t\t\t\t\t\t\t\t<p>Ser l\u00edderes globales en medicina<br \/>alternativa con m\u00e9dicos de gran<br \/>capacidad cl\u00ednica y sentido humanista<br \/>que impactan en la salud de generaciones,<br \/>generando confianza y accesibilidad<br \/>para todos.<\/p>\t\t\t\t\t\t\t\t<\/div>\n\t\t\t\t<\/div>\n\t\t\t\t\t<\/div>\n\t\t<\/div>\n\t\t\t\t\t<\/div>\n\t\t<\/section>\n\t\t\t\t<section class=\"elementor-section elementor-top-section elementor-element elementor-element-8490cbb elementor-section-boxed elementor-section-height-default elementor-section-height-default\" data-id=\"8490cbb\" data-element_type=\"section\" data-e-type=\"section\">\n\t\t\t\t\t\t<div class=\"elementor-container elementor-column-gap-default\">\n\t\t\t\t\t<div class=\"elementor-column elementor-col-100 elementor-top-column elementor-element elementor-element-1b28ad7\" data-id=\"1b28ad7\" data-element_type=\"column\" data-e-type=\"column\">\n\t\t\t<div class=\"elementor-widget-wrap elementor-element-populated\">\n\t\t\t\t\t\t<div class=\"elementor-element elementor-element-033a0a1 elementor-widget elementor-widget-image\" data-id=\"033a0a1\" data-element_type=\"widget\" data-e-type=\"widget\" data-widget_type=\"image.default\">\n\t\t\t\t<div class=\"elementor-widget-container\">\n\t\t\t\t\t\t\t\t\t\t\t\t\t\t\t<img fetchpriority=\"high\" decoding=\"async\" width=\"1500\" height=\"668\" src=\"https:\/\/cmcapistran.com\/wp-content\/uploads\/2024\/01\/2-1.png\" class=\"attachment-full size-full wp-image-1036\" alt=\"\" srcset=\"https:\/\/cmcapistran.com\/wp-content\/uploads\/2024\/01\/2-1.png 1500w, https:\/\/cmcapistran.com\/wp-content\/uploads\/2024\/01\/2-1-300x134.png 300w, https:\/\/cmcapistran.com\/wp-content\/uploads\/2024\/01\/2-1-1024x456.png 1024w, https:\/\/cmcapistran.com\/wp-content\/uploads\/2024\/01\/2-1-768x342.png 768w\" sizes=\"(max-width: 1500px) 100vw, 1500px\" \/>\t\t\t\t\t\t\t\t\t\t\t\t\t\t\t<\/div>\n\t\t\t\t<\/div>\n\t\t\t\t\t<\/div>\n\t\t<\/div>\n\t\t\t\t\t<\/div>\n\t\t<\/section>\n\t\t\t\t<section class=\"elementor-section elementor-top-section elementor-element elementor-element-73bf9b3 elementor-section-boxed elementor-section-height-default elementor-section-height-default\" data-id=\"73bf9b3\" data-element_type=\"section\" data-e-type=\"section\">\n\t\t\t\t\t\t<div class=\"elementor-container elementor-column-gap-default\">\n\t\t\t\t\t<div class=\"elementor-column elementor-col-33 elementor-top-column elementor-element elementor-element-9a8a210\" data-id=\"9a8a210\" data-element_type=\"column\" data-e-type=\"column\">\n\t\t\t<div class=\"elementor-widget-wrap elementor-element-populated\">\n\t\t\t\t\t\t<div class=\"elementor-element elementor-element-d319522 elementor-absolute elementor-widget elementor-widget-image\" data-id=\"d319522\" data-element_type=\"widget\" data-e-type=\"widget\" data-settings=\"{&quot;_position&quot;:&quot;absolute&quot;}\" data-widget_type=\"image.default\">\n\t\t\t\t<div class=\"elementor-widget-container\">\n\t\t\t\t\t\t\t\t\t\t\t\t\t\t\t<img decoding=\"async\" width=\"612\" height=\"633\" src=\"https:\/\/cmcapistran.com\/wp-content\/uploads\/2024\/01\/3.png\" class=\"attachment-large size-large wp-image-1037\" alt=\"\" srcset=\"https:\/\/cmcapistran.com\/wp-content\/uploads\/2024\/01\/3.png 612w, https:\/\/cmcapistran.com\/wp-content\/uploads\/2024\/01\/3-290x300.png 290w\" sizes=\"(max-width: 612px) 100vw, 612px\" \/>\t\t\t\t\t\t\t\t\t\t\t\t\t\t\t<\/div>\n\t\t\t\t<\/div>\n\t\t\t\t\t<\/div>\n\t\t<\/div>\n\t\t\t\t<div class=\"elementor-column elementor-col-66 elementor-top-column elementor-element elementor-element-e893ca6\" data-id=\"e893ca6\" data-element_type=\"column\" data-e-type=\"column\">\n\t\t\t<div class=\"elementor-widget-wrap elementor-element-populated\">\n\t\t\t\t\t\t<div class=\"elementor-element elementor-element-60b6c2d elementor-widget elementor-widget-heading\" data-id=\"60b6c2d\" data-element_type=\"widget\" data-e-type=\"widget\" data-widget_type=\"heading.default\">\n\t\t\t\t<div class=\"elementor-widget-container\">\n\t\t\t\t\t<h2 class=\"elementor-heading-title elementor-size-default\">Dr. Salvador Capistr\u00e1n<\/h2>\t\t\t\t<\/div>\n\t\t\t\t<\/div>\n\t\t\t\t<div class=\"elementor-element elementor-element-251fd95 elementor-widget elementor-widget-text-editor\" data-id=\"251fd95\" data-element_type=\"widget\" data-e-type=\"widget\" data-widget_type=\"text-editor.default\">\n\t\t\t\t<div class=\"elementor-widget-container\">\n\t\t\t\t\t\t\t\t\t<p>Fundador\n<\/p>\t\t\t\t\t\t\t\t<\/div>\n\t\t\t\t<\/div>\n\t\t\t\t<div class=\"elementor-element elementor-element-60ca04c elementor-widget elementor-widget-text-editor\" data-id=\"60ca04c\" data-element_type=\"widget\" data-e-type=\"widget\" data-widget_type=\"text-editor.default\">\n\t\t\t\t<div class=\"elementor-widget-container\">\n\t\t\t\t\t\t\t\t\tHace m\u00e1s de 40 a\u00f1os, el Dr. Salvador Capistr\u00e1n Alvarado, un m\u00e9dico, investigador y\nacad\u00e9mico apasionado, dio vida al Centro M\u00e9dico Capistr\u00e1n.<br><br>\nSu inspiraci\u00f3n naci\u00f3 de un gran deseo por enfrentar las enfermedades autoinmunes\nque afectaban a muchas vidas en M\u00e9xico. Despu\u00e9s de absorber conocimientos en\nChina y Europa, decidi\u00f3 regresar a su amado pa\u00eds con la determinaci\u00f3n de aplicar su\nexperiencia para marcar un cambio real.\t\t\t\t\t\t\t\t<\/div>\n\t\t\t\t<\/div>\n\t\t\t\t\t<\/div>\n\t\t<\/div>\n\t\t\t\t\t<\/div>\n\t\t<\/section>\n\t\t\t\t<section class=\"elementor-section elementor-top-section elementor-element elementor-element-27d3cda elementor-section-boxed elementor-section-height-default elementor-section-height-default\" data-id=\"27d3cda\" data-element_type=\"section\" data-e-type=\"section\">\n\t\t\t\t\t\t<div class=\"elementor-container elementor-column-gap-default\">\n\t\t\t\t\t<div class=\"elementor-column elementor-col-100 elementor-top-column elementor-element elementor-element-b0861e2\" data-id=\"b0861e2\" data-element_type=\"column\" data-e-type=\"column\">\n\t\t\t<div class=\"elementor-widget-wrap elementor-element-populated\">\n\t\t\t\t\t\t<div class=\"elementor-element elementor-element-8204815 elementor-widget elementor-widget-heading\" data-id=\"8204815\" data-element_type=\"widget\" data-e-type=\"widget\" data-widget_type=\"heading.default\">\n\t\t\t\t<div class=\"elementor-widget-container\">\n\t\t\t\t\t<h2 class=\"elementor-heading-title elementor-size-default\">Comprometidos con la<br>\n<strong>salud personalizada<\/strong><\/h2>\t\t\t\t<\/div>\n\t\t\t\t<\/div>\n\t\t\t\t<div class=\"elementor-element elementor-element-d062713 elementor-widget elementor-widget-spacer\" data-id=\"d062713\" data-element_type=\"widget\" data-e-type=\"widget\" data-widget_type=\"spacer.default\">\n\t\t\t\t<div class=\"elementor-widget-container\">\n\t\t\t\t\t\t\t<div class=\"elementor-spacer\">\n\t\t\t<div class=\"elementor-spacer-inner\"><\/div>\n\t\t<\/div>\n\t\t\t\t\t\t<\/div>\n\t\t\t\t<\/div>\n\t\t\t\t<div class=\"elementor-element elementor-element-dc95fec elementor-widget elementor-widget-text-editor\" data-id=\"dc95fec\" data-element_type=\"widget\" data-e-type=\"widget\" data-widget_type=\"text-editor.default\">\n\t\t\t\t<div class=\"elementor-widget-container\">\n\t\t\t\t\t\t\t\t\t<p>En el Centro M\u00e9dico Capistr\u00e1n, creemos que cada paciente es \u00fanico y merece una atenci\u00f3n m\u00e9dica<br \/>personalizada para garantizar el mejor resultado posible. Nuestro enfoque en tratamientos de salud<br \/>personalizados nos permite brindar un cuidado excepcional adaptado a las necesidades<br \/>individuales de cada paciente.<\/p>\t\t\t\t\t\t\t\t<\/div>\n\t\t\t\t<\/div>\n\t\t\t\t\t<\/div>\n\t\t<\/div>\n\t\t\t\t\t<\/div>\n\t\t<\/section>\n\t\t\t\t<section class=\"elementor-section elementor-top-section elementor-element elementor-element-0307bff elementor-section-boxed elementor-section-height-default elementor-section-height-default\" data-id=\"0307bff\" data-element_type=\"section\" data-e-type=\"section\">\n\t\t\t\t\t\t<div class=\"elementor-container elementor-column-gap-default\">\n\t\t\t\t\t<div class=\"elementor-column elementor-col-33 elementor-top-column elementor-element elementor-element-7ccd4b5\" data-id=\"7ccd4b5\" data-element_type=\"column\" data-e-type=\"column\">\n\t\t\t<div class=\"elementor-widget-wrap elementor-element-populated\">\n\t\t\t\t\t\t<div class=\"elementor-element elementor-element-bed0f79 elementor-widget elementor-widget-image\" data-id=\"bed0f79\" data-element_type=\"widget\" data-e-type=\"widget\" data-widget_type=\"image.default\">\n\t\t\t\t<div class=\"elementor-widget-container\">\n\t\t\t\t\t\t\t\t\t\t\t\t\t\t\t<img decoding=\"async\" width=\"800\" height=\"800\" src=\"https:\/\/cmcapistran.com\/wp-content\/uploads\/2024\/03\/IMG_1155-1024x1024.jpg\" class=\"attachment-large size-large wp-image-1766\" alt=\"\" srcset=\"https:\/\/cmcapistran.com\/wp-content\/uploads\/2024\/03\/IMG_1155-1024x1024.jpg 1024w, https:\/\/cmcapistran.com\/wp-content\/uploads\/2024\/03\/IMG_1155-300x300.jpg 300w, https:\/\/cmcapistran.com\/wp-content\/uploads\/2024\/03\/IMG_1155-150x150.jpg 150w, https:\/\/cmcapistran.com\/wp-content\/uploads\/2024\/03\/IMG_1155-768x768.jpg 768w, https:\/\/cmcapistran.com\/wp-content\/uploads\/2024\/03\/IMG_1155-1536x1536.jpg 1536w, https:\/\/cmcapistran.com\/wp-content\/uploads\/2024\/03\/IMG_1155-2048x2048.jpg 2048w\" sizes=\"(max-width: 800px) 100vw, 800px\" \/>\t\t\t\t\t\t\t\t\t\t\t\t\t\t\t<\/div>\n\t\t\t\t<\/div>\n\t\t\t\t<div class=\"elementor-element elementor-element-cfc6f42 elementor-widget elementor-widget-text-editor\" data-id=\"cfc6f42\" data-element_type=\"widget\" data-e-type=\"widget\" data-widget_type=\"text-editor.default\">\n\t\t\t\t<div class=\"elementor-widget-container\">\n\t\t\t\t\t\t\t\t\t<strong>DRA. LAURA REBECA SILVA<\/strong><br>\nM\u00e9dico cirujano y home\u00f3pata\ncon especialidad en acupuntura\t\t\t\t\t\t\t\t<\/div>\n\t\t\t\t<\/div>\n\t\t\t\t\t<\/div>\n\t\t<\/div>\n\t\t\t\t<div class=\"elementor-column elementor-col-33 elementor-top-column elementor-element elementor-element-d785237\" data-id=\"d785237\" data-element_type=\"column\" data-e-type=\"column\">\n\t\t\t<div class=\"elementor-widget-wrap elementor-element-populated\">\n\t\t\t\t\t\t<div class=\"elementor-element elementor-element-15ef39d elementor-widget elementor-widget-image\" data-id=\"15ef39d\" data-element_type=\"widget\" data-e-type=\"widget\" data-widget_type=\"image.default\">\n\t\t\t\t<div class=\"elementor-widget-container\">\n\t\t\t\t\t\t\t\t\t\t\t\t\t\t\t<img loading=\"lazy\" decoding=\"async\" width=\"800\" height=\"800\" src=\"https:\/\/cmcapistran.com\/wp-content\/uploads\/2024\/03\/IMG_1156-1024x1024.jpg\" class=\"attachment-large size-large wp-image-1765\" alt=\"\" srcset=\"https:\/\/cmcapistran.com\/wp-content\/uploads\/2024\/03\/IMG_1156-1024x1024.jpg 1024w, https:\/\/cmcapistran.com\/wp-content\/uploads\/2024\/03\/IMG_1156-300x300.jpg 300w, https:\/\/cmcapistran.com\/wp-content\/uploads\/2024\/03\/IMG_1156-150x150.jpg 150w, https:\/\/cmcapistran.com\/wp-content\/uploads\/2024\/03\/IMG_1156-768x768.jpg 768w, https:\/\/cmcapistran.com\/wp-content\/uploads\/2024\/03\/IMG_1156.jpg 1252w\" sizes=\"(max-width: 800px) 100vw, 800px\" \/>\t\t\t\t\t\t\t\t\t\t\t\t\t\t\t<\/div>\n\t\t\t\t<\/div>\n\t\t\t\t<div class=\"elementor-element elementor-element-026b9b8 elementor-widget elementor-widget-text-editor\" data-id=\"026b9b8\" data-element_type=\"widget\" data-e-type=\"widget\" data-widget_type=\"text-editor.default\">\n\t\t\t\t<div class=\"elementor-widget-container\">\n\t\t\t\t\t\t\t\t\t<strong>DR. JULIO RAFAEL CORREDOR<\/strong><br>\nM\u00e9dico cirujano\ncon especialidad en acupuntura\t\t\t\t\t\t\t\t<\/div>\n\t\t\t\t<\/div>\n\t\t\t\t\t<\/div>\n\t\t<\/div>\n\t\t\t\t<div class=\"elementor-column elementor-col-33 elementor-top-column elementor-element elementor-element-879d06f\" data-id=\"879d06f\" data-element_type=\"column\" data-e-type=\"column\">\n\t\t\t<div class=\"elementor-widget-wrap elementor-element-populated\">\n\t\t\t\t\t\t<div class=\"elementor-element elementor-element-a861c1a elementor-widget elementor-widget-image\" data-id=\"a861c1a\" data-element_type=\"widget\" data-e-type=\"widget\" data-widget_type=\"image.default\">\n\t\t\t\t<div class=\"elementor-widget-container\">\n\t\t\t\t\t\t\t\t\t\t\t\t\t\t\t<img loading=\"lazy\" decoding=\"async\" width=\"800\" height=\"800\" src=\"https:\/\/cmcapistran.com\/wp-content\/uploads\/2024\/03\/IMG_2207-1024x1024.jpg\" class=\"attachment-large size-large wp-image-2138\" alt=\"\" srcset=\"https:\/\/cmcapistran.com\/wp-content\/uploads\/2024\/03\/IMG_2207-1024x1024.jpg 1024w, https:\/\/cmcapistran.com\/wp-content\/uploads\/2024\/03\/IMG_2207-300x300.jpg 300w, https:\/\/cmcapistran.com\/wp-content\/uploads\/2024\/03\/IMG_2207-150x150.jpg 150w, https:\/\/cmcapistran.com\/wp-content\/uploads\/2024\/03\/IMG_2207-768x768.jpg 768w, https:\/\/cmcapistran.com\/wp-content\/uploads\/2024\/03\/IMG_2207.jpg 1280w\" sizes=\"(max-width: 800px) 100vw, 800px\" \/>\t\t\t\t\t\t\t\t\t\t\t\t\t\t\t<\/div>\n\t\t\t\t<\/div>\n\t\t\t\t<div class=\"elementor-element elementor-element-1c0dd06 elementor-widget elementor-widget-text-editor\" data-id=\"1c0dd06\" data-element_type=\"widget\" data-e-type=\"widget\" data-widget_type=\"text-editor.default\">\n\t\t\t\t<div class=\"elementor-widget-container\">\n\t\t\t\t\t\t\t\t\t<strong>DRA. CRISTINA GOVANTES<\/strong>\n<br>\nM\u00e9dico cirujano\ncon especialidad en acupuntura\t\t\t\t\t\t\t\t<\/div>\n\t\t\t\t<\/div>\n\t\t\t\t\t<\/div>\n\t\t<\/div>\n\t\t\t\t\t<\/div>\n\t\t<\/section>\n\t\t\t\t<section class=\"elementor-section elementor-top-section elementor-element elementor-element-1b1215f elementor-section-boxed elementor-section-height-default elementor-section-height-default\" data-id=\"1b1215f\" data-element_type=\"section\" data-e-type=\"section\">\n\t\t\t\t\t\t<div class=\"elementor-container elementor-column-gap-default\">\n\t\t\t\t\t<div class=\"elementor-column elementor-col-50 elementor-top-column elementor-element elementor-element-f1c7fce\" data-id=\"f1c7fce\" data-element_type=\"column\" data-e-type=\"column\">\n\t\t\t<div class=\"elementor-widget-wrap elementor-element-populated\">\n\t\t\t\t\t\t<div class=\"elementor-element elementor-element-aabe615 elementor-widget elementor-widget-image\" data-id=\"aabe615\" data-element_type=\"widget\" data-e-type=\"widget\" data-widget_type=\"image.default\">\n\t\t\t\t<div class=\"elementor-widget-container\">\n\t\t\t\t\t\t\t\t\t\t\t\t\t\t\t<img loading=\"lazy\" decoding=\"async\" width=\"768\" height=\"768\" src=\"https:\/\/cmcapistran.com\/wp-content\/uploads\/2024\/03\/IMG_2206-768x768.jpg\" class=\"attachment-medium_large size-medium_large wp-image-2137\" alt=\"\" srcset=\"https:\/\/cmcapistran.com\/wp-content\/uploads\/2024\/03\/IMG_2206-768x768.jpg 768w, https:\/\/cmcapistran.com\/wp-content\/uploads\/2024\/03\/IMG_2206-300x300.jpg 300w, https:\/\/cmcapistran.com\/wp-content\/uploads\/2024\/03\/IMG_2206-1024x1024.jpg 1024w, https:\/\/cmcapistran.com\/wp-content\/uploads\/2024\/03\/IMG_2206-150x150.jpg 150w, https:\/\/cmcapistran.com\/wp-content\/uploads\/2024\/03\/IMG_2206.jpg 1280w\" sizes=\"(max-width: 768px) 100vw, 768px\" \/>\t\t\t\t\t\t\t\t\t\t\t\t\t\t\t<\/div>\n\t\t\t\t<\/div>\n\t\t\t\t<div class=\"elementor-element elementor-element-435d283 elementor-widget elementor-widget-text-editor\" data-id=\"435d283\" data-element_type=\"widget\" data-e-type=\"widget\" data-widget_type=\"text-editor.default\">\n\t\t\t\t<div class=\"elementor-widget-container\">\n\t\t\t\t\t\t\t\t\t<strong>T.A. BASILISA VENEGAS<\/strong>\n<br>\nT\u00e9cnico Acupunturista\t\t\t\t\t\t\t\t<\/div>\n\t\t\t\t<\/div>\n\t\t\t\t\t<\/div>\n\t\t<\/div>\n\t\t\t\t<div class=\"elementor-column elementor-col-50 elementor-top-column elementor-element elementor-element-a6a1ba9\" data-id=\"a6a1ba9\" data-element_type=\"column\" data-e-type=\"column\">\n\t\t\t<div class=\"elementor-widget-wrap elementor-element-populated\">\n\t\t\t\t\t\t<div class=\"elementor-element elementor-element-d615566 elementor-widget elementor-widget-image\" data-id=\"d615566\" data-element_type=\"widget\" data-e-type=\"widget\" data-widget_type=\"image.default\">\n\t\t\t\t<div class=\"elementor-widget-container\">\n\t\t\t\t\t\t\t\t\t\t\t\t\t\t\t<img loading=\"lazy\" decoding=\"async\" width=\"800\" height=\"800\" src=\"https:\/\/cmcapistran.com\/wp-content\/uploads\/2024\/04\/IMG_2594-1024x1024.jpg\" class=\"attachment-large size-large wp-image-2182\" alt=\"\" srcset=\"https:\/\/cmcapistran.com\/wp-content\/uploads\/2024\/04\/IMG_2594-1024x1024.jpg 1024w, https:\/\/cmcapistran.com\/wp-content\/uploads\/2024\/04\/IMG_2594-300x300.jpg 300w, https:\/\/cmcapistran.com\/wp-content\/uploads\/2024\/04\/IMG_2594-150x150.jpg 150w, https:\/\/cmcapistran.com\/wp-content\/uploads\/2024\/04\/IMG_2594-768x768.jpg 768w, https:\/\/cmcapistran.com\/wp-content\/uploads\/2024\/04\/IMG_2594.jpg 1280w\" sizes=\"(max-width: 800px) 100vw, 800px\" \/>\t\t\t\t\t\t\t\t\t\t\t\t\t\t\t<\/div>\n\t\t\t\t<\/div>\n\t\t\t\t<div class=\"elementor-element elementor-element-08b5eaf elementor-widget elementor-widget-text-editor\" data-id=\"08b5eaf\" data-element_type=\"widget\" data-e-type=\"widget\" data-widget_type=\"text-editor.default\">\n\t\t\t\t<div class=\"elementor-widget-container\">\n\t\t\t\t\t\t\t\t\t<strong>DRA. ROSA ANG\u00c9LICA RAM\u00cdREZ\u00a0<\/strong><br>\nM\u00e9dico cirujano y home\u00f3pata\ncon especialidad en acupuntura\t\t\t\t\t\t\t\t<\/div>\n\t\t\t\t<\/div>\n\t\t\t\t\t<\/div>\n\t\t<\/div>\n\t\t\t\t\t<\/div>\n\t\t<\/section>\n\t\t\t\t<\/div>\n\t\t","protected":false},"excerpt":{"rendered":"<p>M\u00e1s de 40 a\u00f1os de experiencia nos respaldan Misi\u00f3n Brindar atenci\u00f3n m\u00e9dica de alta calidad, basada en enfoques naturales y tradicionales respaldados por la ciencia, con un firme compromiso hacia la salud y el bienestar integral. Visi\u00f3n Ser l\u00edderes globales en medicinaalternativa con m\u00e9dicos de grancapacidad cl\u00ednica y sentido humanistaque impactan en la salud de [&hellip;]<\/p>\n","protected":false},"author":1,"featured_media":0,"parent":0,"menu_order":0,"comment_status":"closed","ping_status":"closed","template":"","meta":{"footnotes":""},"class_list":["post-113","page","type-page","status-publish","hentry"],"_links":{"self":[{"href":"https:\/\/cmcapistran.com\/index.php\/wp-json\/wp\/v2\/pages\/113","targetHints":{"allow":["GET"]}}],"collection":[{"href":"https:\/\/cmcapistran.com\/index.php\/wp-json\/wp\/v2\/pages"}],"about":[{"href":"https:\/\/cmcapistran.com\/index.php\/wp-json\/wp\/v2\/types\/page"}],"author":[{"embeddable":true,"href":"https:\/\/cmcapistran.com\/index.php\/wp-json\/wp\/v2\/users\/1"}],"replies":[{"embeddable":true,"href":"https:\/\/cmcapistran.com\/index.php\/wp-json\/wp\/v2\/comments?post=113"}],"version-history":[{"count":301,"href":"https:\/\/cmcapistran.com\/index.php\/wp-json\/wp\/v2\/pages\/113\/revisions"}],"predecessor-version":[{"id":2265,"href":"https:\/\/cmcapistran.com\/index.php\/wp-json\/wp\/v2\/pages\/113\/revisions\/2265"}],"wp:attachment":[{"href":"https:\/\/cmcapistran.com\/index.php\/wp-json\/wp\/v2\/media?parent=113"}],"curies":[{"name":"wp","href":"https:\/\/api.w.org\/{rel}","templated":true}]}}